{"id":2719,"date":"2021-04-10T12:29:31","date_gmt":"2021-04-10T09:29:31","guid":{"rendered":"https:\/\/alkaline.lv\/?post_type=product&#038;p=2719"},"modified":"2025-01-21T15:45:41","modified_gmt":"2025-01-21T13:45:41","slug":"pagarinatajs-3-vietigs-5m-ar-zemejumu-un-sledzi-balts","status":"publish","type":"product","link":"https:\/\/alkaline.lv\/en\/products\/pagarinatajs-3-vietigs-5m-ar-zemejumu-un-sledzi-balts\/","title":{"rendered":"Pagarin\u0101t\u0101js 3-viet\u012bgs 5m ar zem\u0113jumu un sl\u0113dzi, balts"},"content":{"rendered":"<table class=\"parameters\" style=\"height: 343px;\" width=\"967\">\n<tbody>\n<tr>\n<th>Ar\/bez vada<\/th>\n<td>Ar vadu<\/td>\n<\/tr>\n<tr>\n<th>Kontaktligzdu skaits<\/th>\n<td>3<\/td>\n<\/tr>\n<tr>\n<th>Vada garums<\/th>\n<td>5 m<\/td>\n<\/tr>\n<tr>\n<th>Zem\u0113jums<\/th>\n<td>Ar zem\u0113juma kontaktu<\/td>\n<\/tr>\n<tr>\n<th>Ar\/bez sl\u0113d\u017ea<\/th>\n<td>Ar sl\u0113dzi<\/td>\n<\/tr>\n<tr>\n<th><\/th>\n<td><\/td>\n<\/tr>\n<tr>\n<th><\/th>\n<td><\/td>\n<\/tr>\n<tr>\n<th><\/th>\n<td><\/td>\n<\/tr>\n<tr>\n<th><\/th>\n<td><\/td>\n<\/tr>\n<\/tbody>\n<\/table>\n<p>&nbsp;<\/p>\n","protected":false},"excerpt":{"rendered":"<div class=\"item_meta\"><\/div>\n<div><\/div>\n","protected":false},"featured_media":2717,"template":"","meta":{"inline_featured_image":false},"product_cat":[157],"product_tag":[],"class_list":{"0":"post-2719","1":"product","2":"type-product","3":"status-publish","4":"has-post-thumbnail","6":"product_cat-pagarinataji","8":"first","9":"instock","10":"taxable","11":"shipping-taxable","12":"purchasable","13":"product-type-simple","14":"add-to-wishlist-after_add_to_cart"},"_links":{"self":[{"href":"https:\/\/alkaline.lv\/en\/wp-json\/wp\/v2\/product\/2719"}],"collection":[{"href":"https:\/\/alkaline.lv\/en\/wp-json\/wp\/v2\/product"}],"about":[{"href":"https:\/\/alkaline.lv\/en\/wp-json\/wp\/v2\/types\/product"}],"wp:featuredmedia":[{"embeddable":true,"href":"https:\/\/alkaline.lv\/en\/wp-json\/wp\/v2\/media\/2717"}],"wp:attachment":[{"href":"https:\/\/alkaline.lv\/en\/wp-json\/wp\/v2\/media?parent=2719"}],"wp:term":[{"taxonomy":"product_cat","embeddable":true,"href":"https:\/\/alkaline.lv\/en\/wp-json\/wp\/v2\/product_cat?post=2719"},{"taxonomy":"product_tag","embeddable":true,"href":"https:\/\/alkaline.lv\/en\/wp-json\/wp\/v2\/product_tag?post=2719"}],"curies":[{"name":"wp","href":"https:\/\/api.w.org\/{rel}","templated":true}]}}