{"id":2736,"date":"2021-04-10T13:28:15","date_gmt":"2021-04-10T10:28:15","guid":{"rendered":"https:\/\/alkaline.lv\/?post_type=product&#038;p=2736"},"modified":"2021-04-10T14:48:10","modified_gmt":"2021-04-10T11:48:10","slug":"baterijasvarta-longlife-power-alkaline-aaa-8-gab-iep","status":"publish","type":"product","link":"https:\/\/alkaline.lv\/en\/products\/baterijasvarta-longlife-power-alkaline-aaa-8-gab-iep\/","title":{"rendered":"Baterijas AAA, VARTA Longlife power Alkaline, 8 gab.\/iep."},"content":{"rendered":"<p>High energy \u2013 Apjom\u012bga ener\u0123ijas deva ilgsto\u0161as, past\u0101v\u012bgas jaudas izsalku\u0161\u0101m ier\u012bc\u0113m, piem\u0113ram, bezvadu dator pel\u0113m, rota\u013cliet\u0101m, kabatas lukturiem. \u00a0 \u0112rts iepakojums, no kura baterijas iesp\u0113jams iz\u0146emt pa vienai, t\u0101d\u0113j\u0101di nodro\u0161inot \u0113rtu bateriju uzglab\u0101\u0161anu l\u012bdz pat 10 gadiem.<\/p>\n<h3>Tehnisk\u0101 inform\u0101cija:<\/h3>\n<ul>\n<li>Varta tips: 4903<\/li>\n<li>Atsauce: LR03<\/li>\n<li>Baterijas izm\u0113rs: AAA<\/li>\n<li>Diametrs: 10.5mm<\/li>\n<li>Augstums: 44.5mm<\/li>\n<li>Svars: 11.4g<\/li>\n<li>Elektro\u0137\u012bmisk\u0101 sist\u0113ma: Primary Alkaline Manganese<\/li>\n<li>Volt\u0101\u017ea: 1.5v<\/li>\n<\/ul>\n","protected":false},"excerpt":{"rendered":"<div class=\"item_meta\">Cena ar PVN<span style=\"color: #ff0000;\"><strong> 3,92 \u20ac<\/strong><\/span><\/div>\n<div><\/div>\n","protected":false},"featured_media":2744,"template":"","meta":{"inline_featured_image":false},"product_cat":[156],"product_tag":[],"class_list":{"0":"post-2736","1":"product","2":"type-product","3":"status-publish","4":"has-post-thumbnail","6":"product_cat-baterijas","8":"first","9":"instock","10":"taxable","11":"shipping-taxable","12":"purchasable","13":"product-type-simple","14":"add-to-wishlist-after_add_to_cart"},"_links":{"self":[{"href":"https:\/\/alkaline.lv\/en\/wp-json\/wp\/v2\/product\/2736","targetHints":{"allow":["GET"]}}],"collection":[{"href":"https:\/\/alkaline.lv\/en\/wp-json\/wp\/v2\/product"}],"about":[{"href":"https:\/\/alkaline.lv\/en\/wp-json\/wp\/v2\/types\/product"}],"wp:featuredmedia":[{"embeddable":true,"href":"https:\/\/alkaline.lv\/en\/wp-json\/wp\/v2\/media\/2744"}],"wp:attachment":[{"href":"https:\/\/alkaline.lv\/en\/wp-json\/wp\/v2\/media?parent=2736"}],"wp:term":[{"taxonomy":"product_cat","embeddable":true,"href":"https:\/\/alkaline.lv\/en\/wp-json\/wp\/v2\/product_cat?post=2736"},{"taxonomy":"product_tag","embeddable":true,"href":"https:\/\/alkaline.lv\/en\/wp-json\/wp\/v2\/product_tag?post=2736"}],"curies":[{"name":"wp","href":"https:\/\/api.w.org\/{rel}","templated":true}]}}