{"id":27591,"date":"2022-05-31T19:39:12","date_gmt":"2022-05-31T16:39:12","guid":{"rendered":"https:\/\/alkaline.lv\/products\/akrila-krasa-75ml-1218-sarkana-scarlet\/"},"modified":"2022-07-12T13:27:31","modified_gmt":"2022-07-12T10:27:31","slug":"akrila-krasa-75ml-1218-sarkana-scarlet","status":"publish","type":"product","link":"https:\/\/alkaline.lv\/en\/products\/akrila-krasa-75ml-1218-sarkana-scarlet\/","title":{"rendered":"Akrila kr\u0101sa, 75ml, 1218 sarkana Scarlet"},"content":{"rendered":"<p>\u2022 Augstas kvalit\u0101tes akrila kr\u0101sa<\/p>\n<p>\u2022 Var izmantot uz da\u017e\u0101d\u0101m virsm\u0101m: uz kartona, auduma, m\u0101la, plastmasas, koka utt.<\/p>\n<p>\u2022 Var izmantot dekup\u0101\u017eai<\/p>\n<p>\u2022 Viegli \u0161\u0137aid\u0101s ar \u016bdeni<\/p>\n<p>\u2022 \u0100tri \u017e\u016bst<\/p>\n<p>\u2022 P\u0113c no\u017e\u016b\u0161anas veido elast\u012bgu, nenomazg\u0101jamo, mat\u0113tu pl\u0113vi<\/p>\n","protected":false},"excerpt":{"rendered":"<p>\u2022 Augstas kvalit\u0101tes akrila kr\u0101sa \u2022 Var izmantot uz da\u017e\u0101d\u0101m virsm\u0101m: uz kartona, auduma, m\u0101la, plastmasas, koka utt. \u2022 Var izmantot dekup\u0101\u017eai \u2022 Viegli \u0161\u0137aid\u0101s ar \u016bdeni \u2022 \u0100tri \u017e\u016bst \u2022 P\u0113c no\u017e\u016b\u0161anas veido elast\u012bgu, nenomazg\u0101jamo, mat\u0113tu pl\u0113vi<\/p>\n","protected":false},"featured_media":27592,"template":"","meta":{"inline_featured_image":false},"product_cat":[1668],"product_tag":[],"class_list":{"0":"post-27591","1":"product","2":"type-product","3":"status-publish","4":"has-post-thumbnail","6":"product_cat-akrila-krasas","8":"first","9":"instock","10":"purchasable","11":"product-type-simple","12":"add-to-wishlist-after_add_to_cart"},"_links":{"self":[{"href":"https:\/\/alkaline.lv\/en\/wp-json\/wp\/v2\/product\/27591"}],"collection":[{"href":"https:\/\/alkaline.lv\/en\/wp-json\/wp\/v2\/product"}],"about":[{"href":"https:\/\/alkaline.lv\/en\/wp-json\/wp\/v2\/types\/product"}],"wp:featuredmedia":[{"embeddable":true,"href":"https:\/\/alkaline.lv\/en\/wp-json\/wp\/v2\/media\/27592"}],"wp:attachment":[{"href":"https:\/\/alkaline.lv\/en\/wp-json\/wp\/v2\/media?parent=27591"}],"wp:term":[{"taxonomy":"product_cat","embeddable":true,"href":"https:\/\/alkaline.lv\/en\/wp-json\/wp\/v2\/product_cat?post=27591"},{"taxonomy":"product_tag","embeddable":true,"href":"https:\/\/alkaline.lv\/en\/wp-json\/wp\/v2\/product_tag?post=27591"}],"curies":[{"name":"wp","href":"https:\/\/api.w.org\/{rel}","templated":true}]}}