{"id":2795,"date":"2021-04-10T16:23:40","date_gmt":"2021-04-10T13:23:40","guid":{"rendered":"https:\/\/alkaline.lv\/?post_type=product&#038;p=2795"},"modified":"2021-04-10T16:27:41","modified_gmt":"2021-04-10T13:27:41","slug":"baterija-1-2-aa-eve-energy-litija-1200-mah-36v-1-gab-iep","status":"publish","type":"product","link":"https:\/\/alkaline.lv\/en\/products\/baterija-1-2-aa-eve-energy-litija-1200-mah-36v-1-gab-iep\/","title":{"rendered":"Baterija 1\/2 AA, EVE Energy Litija 1200 mAh 3,6V, 1 gab.\/iep."},"content":{"rendered":"<p>EVE Energy ER14250S 1\/2 AA 1200mAh 15mA 3.6V (Li-SoCI2) baterija (Non-rechargeable).<\/p>\n<ul>\n<li>Litija-tionilhlor\u012bdu\u00a0(Li-SOCl2) baterij\u0101m ir cilindriska forma (no 1\/2 AA l\u012bdz D izm\u0113ram);<\/li>\n<li>Sal\u012bdzinot ar cit\u0101m baterij\u0101m, t\u0101m rakstur\u012bgs iev\u0113rojami augst\u0101ks spriegums: 3.6V;<\/li>\n<li>Sp\u0113j darboties pla\u0161\u0101 temperat\u016bras diapazon\u0101: no -60\u2103\u00a0l\u012bdz + 85\u2103;<\/li>\n<li>Visaugst\u0101kais ener\u0123ijas bl\u012bvums: l\u012bdz 650Wh\/kg un 1280Wh\/L;<\/li>\n<li>Ilgs uzglab\u0101\u0161anas laiks;<\/li>\n<li>Zema pa\u0161izl\u0101de: maz\u0101k par 1% katru gadu pie 20\u2103, kas var nodro\u0161in\u0101t kalpo\u0161anas laiku no 10 l\u012bdz 20 gadiem;<\/li>\n<\/ul>\n<p>\u0160\u012bs baterijas ir ide\u0101li piem\u0113rotas ier\u012bc\u0113s, kas tiek lietotas ilgtermi\u0146\u0101, piem\u0113ram, elektroniskajos svaros, signaliz\u0101cij\u0101s, GPS, \u016bdens, siltuma un g\u0101zes skait\u012bt\u0101jiem, r\u0101cij\u0101m, k\u0101 ar\u012b cit\u0101m specifisk\u0101m ikdienas, profesion\u0101l\u0101m un industri\u0101l\u0101m vajadz\u012bb\u0101m.<\/p>\n<p><b>Specifik\u0101cija:<\/b><\/p>\n<ul>\n<li>\u0136\u012bmiskais sast\u0101vs:\u00a0Lithium Thionyl Chloride (Li-SoCI2);<\/li>\n<li>Nomin\u0101lais spriegums: 3.6V;<\/li>\n<li>Nomin\u0101l\u0101 kapacit\u0101te: 1200mAh;<\/li>\n<li>Max. nep\u0101rtrauktas izl\u0101des str\u0101va: 15mA;<\/li>\n<li>Temperat\u016bras diapazons:\u00a0no -60\u00b0C l\u012bdz +85\u00b0C;<\/li>\n<\/ul>\n","protected":false},"excerpt":{"rendered":"<div class=\"item_meta\">Cena ar PVN<span style=\"color: #ff0000;\"><strong> 3,73 \u20ac<\/strong><\/span><\/div>\n<div><\/div>\n","protected":false},"featured_media":2796,"template":"","meta":{"inline_featured_image":false},"product_cat":[156],"product_tag":[],"class_list":{"0":"post-2795","1":"product","2":"type-product","3":"status-publish","4":"has-post-thumbnail","6":"product_cat-baterijas","8":"first","9":"instock","10":"taxable","11":"shipping-taxable","12":"purchasable","13":"product-type-simple","14":"add-to-wishlist-after_add_to_cart"},"_links":{"self":[{"href":"https:\/\/alkaline.lv\/en\/wp-json\/wp\/v2\/product\/2795"}],"collection":[{"href":"https:\/\/alkaline.lv\/en\/wp-json\/wp\/v2\/product"}],"about":[{"href":"https:\/\/alkaline.lv\/en\/wp-json\/wp\/v2\/types\/product"}],"wp:featuredmedia":[{"embeddable":true,"href":"https:\/\/alkaline.lv\/en\/wp-json\/wp\/v2\/media\/2796"}],"wp:attachment":[{"href":"https:\/\/alkaline.lv\/en\/wp-json\/wp\/v2\/media?parent=2795"}],"wp:term":[{"taxonomy":"product_cat","embeddable":true,"href":"https:\/\/alkaline.lv\/en\/wp-json\/wp\/v2\/product_cat?post=2795"},{"taxonomy":"product_tag","embeddable":true,"href":"https:\/\/alkaline.lv\/en\/wp-json\/wp\/v2\/product_tag?post=2795"}],"curies":[{"name":"wp","href":"https:\/\/api.w.org\/{rel}","templated":true}]}}