{"id":2801,"date":"2021-04-10T16:37:15","date_gmt":"2021-04-10T13:37:15","guid":{"rendered":"https:\/\/alkaline.lv\/?post_type=product&#038;p=2801"},"modified":"2021-04-10T16:39:59","modified_gmt":"2021-04-10T13:39:59","slug":"baterija-cr2-varta-photo-lithium-3v-1-gab-iep","status":"publish","type":"product","link":"https:\/\/alkaline.lv\/en\/products\/baterija-cr2-varta-photo-lithium-3v-1-gab-iep\/","title":{"rendered":"Baterija CR2, VARTA Photo Lithium 3V, 1 gab.\/iep."},"content":{"rendered":"<p>Uzticamas, ilgi kalpojo\u0161as litija baterijas no ra\u017eot\u0101ja Varta. Nodro\u0161ina lielu jaudu \u012bs\u0101 mirkl\u012b. Lieliski piem\u0113rotas m\u016bsdienu viedaj\u0101m m\u0101j\u0101m, dro\u0161\u012bbas ier\u012bc\u0113m, foto apr\u012bkojumam, zibspuldz\u0113m un cit\u0101m iek\u0101rt\u0101m.<\/p>\n","protected":false},"excerpt":{"rendered":"<div class=\"item_meta\">Cena ar PVN<span style=\"color: #ff0000;\"><strong> 3,27 \u20ac<\/strong><\/span><\/div>\n<div><\/div>\n","protected":false},"featured_media":2802,"template":"","meta":{"inline_featured_image":false},"product_cat":[156],"product_tag":[],"class_list":{"0":"post-2801","1":"product","2":"type-product","3":"status-publish","4":"has-post-thumbnail","6":"product_cat-baterijas","8":"first","9":"instock","10":"taxable","11":"shipping-taxable","12":"purchasable","13":"product-type-simple","14":"add-to-wishlist-after_add_to_cart"},"_links":{"self":[{"href":"https:\/\/alkaline.lv\/en\/wp-json\/wp\/v2\/product\/2801"}],"collection":[{"href":"https:\/\/alkaline.lv\/en\/wp-json\/wp\/v2\/product"}],"about":[{"href":"https:\/\/alkaline.lv\/en\/wp-json\/wp\/v2\/types\/product"}],"wp:featuredmedia":[{"embeddable":true,"href":"https:\/\/alkaline.lv\/en\/wp-json\/wp\/v2\/media\/2802"}],"wp:attachment":[{"href":"https:\/\/alkaline.lv\/en\/wp-json\/wp\/v2\/media?parent=2801"}],"wp:term":[{"taxonomy":"product_cat","embeddable":true,"href":"https:\/\/alkaline.lv\/en\/wp-json\/wp\/v2\/product_cat?post=2801"},{"taxonomy":"product_tag","embeddable":true,"href":"https:\/\/alkaline.lv\/en\/wp-json\/wp\/v2\/product_tag?post=2801"}],"curies":[{"name":"wp","href":"https:\/\/api.w.org\/{rel}","templated":true}]}}