{"id":2829,"date":"2021-04-12T22:08:53","date_gmt":"2021-04-12T19:08:53","guid":{"rendered":"https:\/\/alkaline.lv\/?post_type=product&#038;p=2829"},"modified":"2022-02-24T11:39:43","modified_gmt":"2022-02-24T09:39:43","slug":"uzlimes-multi-3-ar-izmeru-70x35mm-100-loksnes","status":"publish","type":"product","link":"https:\/\/alkaline.lv\/en\/products\/uzlimes-multi-3-ar-izmeru-70x35mm-100-loksnes\/","title":{"rendered":"Uzl\u012bmes MULTI 3 ar izm\u0113ru 70x35mm, 100 loksnes"},"content":{"rendered":"<p>Pa\u0161l\u012bm\u0113jo\u0161as baltas uzl\u012bmes, piem\u0113rotas apdrukai ar tintes, l\u0101zerprinteriem, kop\u0113\u0161anas tehnikai vai rakst\u012b\u0161anai ar roku. Uz A4 lapas 24 uzl\u012bmes. Iepakojum\u0101 100 lapas.<\/p>\n<p>Ra\u017eot\u0101ja preces kods: MU4703<\/p>\n","protected":false},"excerpt":{"rendered":"<div class=\"item_meta\">Cena ar PVN<span style=\"color: #ff0000;\"><strong> 18,11 \u20ac<\/strong><\/span><\/div>\n<div><\/div>\n","protected":false},"featured_media":2814,"template":"","meta":{"inline_featured_image":false},"product_cat":[161],"product_tag":[],"class_list":{"0":"post-2829","1":"product","2":"type-product","3":"status-publish","4":"has-post-thumbnail","6":"product_cat-uzlimes-baltas","8":"first","9":"instock","10":"taxable","11":"shipping-taxable","12":"purchasable","13":"product-type-simple","14":"add-to-wishlist-after_add_to_cart"},"_links":{"self":[{"href":"https:\/\/alkaline.lv\/en\/wp-json\/wp\/v2\/product\/2829"}],"collection":[{"href":"https:\/\/alkaline.lv\/en\/wp-json\/wp\/v2\/product"}],"about":[{"href":"https:\/\/alkaline.lv\/en\/wp-json\/wp\/v2\/types\/product"}],"wp:featuredmedia":[{"embeddable":true,"href":"https:\/\/alkaline.lv\/en\/wp-json\/wp\/v2\/media\/2814"}],"wp:attachment":[{"href":"https:\/\/alkaline.lv\/en\/wp-json\/wp\/v2\/media?parent=2829"}],"wp:term":[{"taxonomy":"product_cat","embeddable":true,"href":"https:\/\/alkaline.lv\/en\/wp-json\/wp\/v2\/product_cat?post=2829"},{"taxonomy":"product_tag","embeddable":true,"href":"https:\/\/alkaline.lv\/en\/wp-json\/wp\/v2\/product_tag?post=2829"}],"curies":[{"name":"wp","href":"https:\/\/api.w.org\/{rel}","templated":true}]}}