{"id":2856,"date":"2021-04-13T21:03:00","date_gmt":"2021-04-13T18:03:00","guid":{"rendered":"https:\/\/alkaline.lv\/?post_type=product&#038;p=2856"},"modified":"2022-11-22T20:32:54","modified_gmt":"2022-11-22T18:32:54","slug":"dusas-svamme-ar-masazas-pusi-13-5cm","status":"publish","type":"product","link":"https:\/\/alkaline.lv\/en\/products\/dusas-svamme-ar-masazas-pusi-13-5cm\/","title":{"rendered":"Du\u0161as \u0161vamme ar mas\u0101\u017eas pusi 13.5cm"},"content":{"rendered":"<div class=\"item_meta\">\n<div class=\"prodview-info-about\">\n<div class=\"prodview-info-about\">\n<div class=\"prodview-info-about\">\n<div class=\"prodview-info-about\">\n<div class=\"prodview-info-about\">\n<div class=\"prodview-info-about\">\n<div class=\"prodview-info-about\">\n<div class=\"prodview-info-about\">\n<div class=\"prodview-info-about\">\n<div class=\"prodview-info-about\">&#8220;TORO&#8221;<\/div>\n<div class=\"prodview-info-about\">\u00a0\u0160vammes izm\u0113rs: 13.5&#215;4.5&#215;7.5cm<\/div>\n<div class=\"prodview-info-about\">Iepakojum\u0101: 36 gab.<\/div>\n<div>Ra\u017eots: \u010cehij\u0101<\/div>\n<p>&nbsp;<\/p>\n<\/div>\n<\/div>\n<\/div>\n<\/div>\n<\/div>\n<\/div>\n<\/div>\n<\/div>\n<\/div>\n<\/div>\n","protected":false},"excerpt":{"rendered":"<div class=\"item_meta\"><\/div>\n<div><\/div>\n","protected":false},"featured_media":2858,"template":"","meta":{"inline_featured_image":false},"product_cat":[67,162],"product_tag":[],"class_list":{"0":"post-2856","1":"product","2":"type-product","3":"status-publish","4":"has-post-thumbnail","6":"product_cat-personigas-higienas-preces","7":"product_cat-dusas-svamme","9":"first","10":"instock","11":"taxable","12":"shipping-taxable","13":"purchasable","14":"product-type-simple","15":"add-to-wishlist-after_add_to_cart"},"_links":{"self":[{"href":"https:\/\/alkaline.lv\/en\/wp-json\/wp\/v2\/product\/2856"}],"collection":[{"href":"https:\/\/alkaline.lv\/en\/wp-json\/wp\/v2\/product"}],"about":[{"href":"https:\/\/alkaline.lv\/en\/wp-json\/wp\/v2\/types\/product"}],"wp:featuredmedia":[{"embeddable":true,"href":"https:\/\/alkaline.lv\/en\/wp-json\/wp\/v2\/media\/2858"}],"wp:attachment":[{"href":"https:\/\/alkaline.lv\/en\/wp-json\/wp\/v2\/media?parent=2856"}],"wp:term":[{"taxonomy":"product_cat","embeddable":true,"href":"https:\/\/alkaline.lv\/en\/wp-json\/wp\/v2\/product_cat?post=2856"},{"taxonomy":"product_tag","embeddable":true,"href":"https:\/\/alkaline.lv\/en\/wp-json\/wp\/v2\/product_tag?post=2856"}],"curies":[{"name":"wp","href":"https:\/\/api.w.org\/{rel}","templated":true}]}}