{"id":2866,"date":"2021-04-13T22:47:10","date_gmt":"2021-04-13T19:47:10","guid":{"rendered":"https:\/\/alkaline.lv\/?post_type=product&#038;p=2866"},"modified":"2024-02-20T18:58:58","modified_gmt":"2024-02-20T16:58:58","slug":"stiklu-tirisanas-lidzeklis-ewol-glass-5-l","status":"publish","type":"product","link":"https:\/\/alkaline.lv\/en\/products\/stiklu-tirisanas-lidzeklis-ewol-glass-5-l\/","title":{"rendered":"Stiklu t\u012br\u012b\u0161anas l\u012bdzeklis Ewol Glass, 5 L"},"content":{"rendered":"<div class=\"item_meta\">\n<p><strong>Apraksts<\/strong>: L\u012bdzeklis logu, vitr\u012bnu, automobi\u013cu stiklu, spogu\u013cu, monitoru, krist\u0101la izstr\u0101d\u0101jumu un lakotu virsmu mazg\u0101\u0161anai. Efekt\u012bvi no\u0146em putek\u013cus, taukus, net\u012brumus, kv\u0113pus. Viegli un \u0101tri not\u012bra stikla virsmas, pie\u0161\u0137ir sp\u012bdumu, neatst\u0101j traipus. Neboj\u0101 plastik\u0101tu virsmas.<\/p>\n<p><strong>Lieto\u0161ana:<\/strong>\u00a0L\u012bdzekli uzkl\u0101t uz apstr\u0101d\u0101jam\u0101s virsmas ar smidzin\u0101t\u0101ja, s\u016bk\u013ca vai salvetes pal\u012bdz\u012bbu. Atst\u0101t uz 20-30 sekund\u0113m. Nepie\u013caujot iz\u017e\u016b\u0161anu, no\u0146emt l\u012bdzek\u013ca p\u0101rpalikumu ar auduma vai pap\u012bra salvetes pal\u012bdz\u012bbu.<\/p>\n<p><strong>Sast\u0101vda\u013cas:<\/strong>\u00a0nejonu virsmakt\u012bvas vielas &lt;5%, izopropilspirts, sm\u0101r\u017ekompozicija.<\/p>\n<\/div>\n<p><strong>Tilpums: 5000 ml<\/strong><\/p>\n","protected":false},"excerpt":{"rendered":"<div class=\"item_meta\"><\/div>\n<div><\/div>\n","protected":false},"featured_media":2868,"template":"","meta":{"inline_featured_image":false},"product_cat":[74],"product_tag":[],"class_list":{"0":"post-2866","1":"product","2":"type-product","3":"status-publish","4":"has-post-thumbnail","6":"product_cat-stiklu-tirisana","8":"first","9":"instock","10":"taxable","11":"shipping-taxable","12":"purchasable","13":"product-type-simple","14":"add-to-wishlist-after_add_to_cart"},"_links":{"self":[{"href":"https:\/\/alkaline.lv\/en\/wp-json\/wp\/v2\/product\/2866","targetHints":{"allow":["GET"]}}],"collection":[{"href":"https:\/\/alkaline.lv\/en\/wp-json\/wp\/v2\/product"}],"about":[{"href":"https:\/\/alkaline.lv\/en\/wp-json\/wp\/v2\/types\/product"}],"wp:featuredmedia":[{"embeddable":true,"href":"https:\/\/alkaline.lv\/en\/wp-json\/wp\/v2\/media\/2868"}],"wp:attachment":[{"href":"https:\/\/alkaline.lv\/en\/wp-json\/wp\/v2\/media?parent=2866"}],"wp:term":[{"taxonomy":"product_cat","embeddable":true,"href":"https:\/\/alkaline.lv\/en\/wp-json\/wp\/v2\/product_cat?post=2866"},{"taxonomy":"product_tag","embeddable":true,"href":"https:\/\/alkaline.lv\/en\/wp-json\/wp\/v2\/product_tag?post=2866"}],"curies":[{"name":"wp","href":"https:\/\/api.w.org\/{rel}","templated":true}]}}