{"id":2874,"date":"2021-04-13T23:46:06","date_gmt":"2021-04-13T20:46:06","guid":{"rendered":"https:\/\/alkaline.lv\/?post_type=product&#038;p=2874"},"modified":"2023-08-25T13:58:45","modified_gmt":"2023-08-25T10:58:45","slug":"papirs-data-copy-everyday-printing-a5-80g-m2-500-loksnes-iepakojuma","status":"publish","type":"product","link":"https:\/\/alkaline.lv\/en\/products\/papirs-data-copy-everyday-printing-a5-80g-m2-500-loksnes-iepakojuma\/","title":{"rendered":"Pap\u012brs Data Copy Everyday Printing, A5, 80 g\/m2, 500 loksnes"},"content":{"rendered":"<p>Augst\u0101k\u0101s kvalit\u0101tes balts, A klases, koksni nesaturo\u0161s, multifunkcion\u0101ls pap\u012brs ar \u012bpa\u0161i gludu virsmu, lieto\u0161anai biroj\u0101 un m\u0101jas apst\u0101k\u013cos visu veidu druk\u0101\u0161anas un kop\u0113\u0161anas iek\u0101rt\u0101s. Teicami piem\u0113rots abpus\u0113jai drukai. Notur\u012bgs pret noveco\u0161anos. Arh\u012bvdro\u0161s (ISO9001:14001:9706) sertific\u0113ts pap\u012brs.<\/p>\n","protected":false},"excerpt":{"rendered":"<div class=\"item_meta\"><\/div>\n<div><\/div>\n","protected":false},"featured_media":57743,"template":"","meta":{"inline_featured_image":false},"product_cat":[165],"product_tag":[],"class_list":{"0":"post-2874","1":"product","2":"type-product","3":"status-publish","4":"has-post-thumbnail","6":"product_cat-a5-formats","8":"first","9":"instock","10":"taxable","11":"shipping-taxable","12":"purchasable","13":"product-type-simple","14":"add-to-wishlist-after_add_to_cart"},"_links":{"self":[{"href":"https:\/\/alkaline.lv\/en\/wp-json\/wp\/v2\/product\/2874"}],"collection":[{"href":"https:\/\/alkaline.lv\/en\/wp-json\/wp\/v2\/product"}],"about":[{"href":"https:\/\/alkaline.lv\/en\/wp-json\/wp\/v2\/types\/product"}],"wp:featuredmedia":[{"embeddable":true,"href":"https:\/\/alkaline.lv\/en\/wp-json\/wp\/v2\/media\/57743"}],"wp:attachment":[{"href":"https:\/\/alkaline.lv\/en\/wp-json\/wp\/v2\/media?parent=2874"}],"wp:term":[{"taxonomy":"product_cat","embeddable":true,"href":"https:\/\/alkaline.lv\/en\/wp-json\/wp\/v2\/product_cat?post=2874"},{"taxonomy":"product_tag","embeddable":true,"href":"https:\/\/alkaline.lv\/en\/wp-json\/wp\/v2\/product_tag?post=2874"}],"curies":[{"name":"wp","href":"https:\/\/api.w.org\/{rel}","templated":true}]}}