{"id":2905,"date":"2021-04-14T23:51:43","date_gmt":"2021-04-14T20:51:43","guid":{"rendered":"https:\/\/alkaline.lv\/?post_type=product&#038;p=2905"},"modified":"2023-08-25T14:11:29","modified_gmt":"2023-08-25T11:11:29","slug":"papirs-image-digicolor-a3-200-g-m2-200-loksnes-iepakojuma","status":"publish","type":"product","link":"https:\/\/alkaline.lv\/en\/products\/papirs-image-digicolor-a3-200-g-m2-200-loksnes-iepakojuma\/","title":{"rendered":"Pap\u012brs Image Digicolor, A3, 200 g\/m2, 200 loksnes"},"content":{"rendered":"<p>Image Digicolor ir \u012bpa\u0161i balts un gluds A+ klases nekr\u012btots pap\u012brs l\u0101zera un digit\u0101l\u0101s drukas iek\u0101rt\u0101m, kur\u0161 nodro\u0161ina izcilas kvalit\u0101tes izdrukas, ko\u0161us att\u0113lus un tekstus ar teicamu las\u0101m\u012bbu.<\/p>\n","protected":false},"excerpt":{"rendered":"<p>Image Digicolor ir \u012bpa\u0161i balts un gluds A+ klases nekr\u012btots pap\u012brs l\u0101zera un digit\u0101l\u0101s drukas iek\u0101rt\u0101m, kur\u0161 nodro\u0161ina izcilas kvalit\u0101tes izdrukas, ko\u0161us att\u0113lus un tekstus ar teicamu las\u0101m\u012bbu.<\/p>\n","protected":false},"featured_media":2958,"template":"","meta":{"inline_featured_image":false},"product_cat":[167],"product_tag":[],"class_list":{"0":"post-2905","1":"product","2":"type-product","3":"status-publish","4":"has-post-thumbnail","6":"product_cat-uzlabotas-kvalitates-biroja-papirs","8":"first","9":"instock","10":"taxable","11":"shipping-taxable","12":"purchasable","13":"product-type-simple","14":"add-to-wishlist-after_add_to_cart"},"_links":{"self":[{"href":"https:\/\/alkaline.lv\/en\/wp-json\/wp\/v2\/product\/2905"}],"collection":[{"href":"https:\/\/alkaline.lv\/en\/wp-json\/wp\/v2\/product"}],"about":[{"href":"https:\/\/alkaline.lv\/en\/wp-json\/wp\/v2\/types\/product"}],"wp:featuredmedia":[{"embeddable":true,"href":"https:\/\/alkaline.lv\/en\/wp-json\/wp\/v2\/media\/2958"}],"wp:attachment":[{"href":"https:\/\/alkaline.lv\/en\/wp-json\/wp\/v2\/media?parent=2905"}],"wp:term":[{"taxonomy":"product_cat","embeddable":true,"href":"https:\/\/alkaline.lv\/en\/wp-json\/wp\/v2\/product_cat?post=2905"},{"taxonomy":"product_tag","embeddable":true,"href":"https:\/\/alkaline.lv\/en\/wp-json\/wp\/v2\/product_tag?post=2905"}],"curies":[{"name":"wp","href":"https:\/\/api.w.org\/{rel}","templated":true}]}}