{"id":2980,"date":"2021-04-17T17:27:26","date_gmt":"2021-04-17T14:27:26","guid":{"rendered":"https:\/\/alkaline.lv\/?post_type=product&#038;p=2980"},"modified":"2022-11-16T11:56:24","modified_gmt":"2022-11-16T09:56:24","slug":"pedalspainis-12l-o25x40cm-hromets","status":"publish","type":"product","link":"https:\/\/alkaline.lv\/en\/products\/pedalspainis-12l-o25x40cm-hromets\/","title":{"rendered":"Ped\u0101\u013cspainis 12L \u00d825x40cm hrom\u0113ts"},"content":{"rendered":"<div class=\"item_meta\">\n<div class=\"prodview-info-about\">\n<div class=\"prodview-info-about\">\n<div class=\"prodview-info-about\">\n<div class=\"prodview-info-about\">\n<div class=\"prodview-info-about\">\n<div class=\"prodview-info-about\">\n<div class=\"prodview-info-about\">\n<div class=\"prodview-info-about\">\n<div class=\"prodview-info-about\">\n<div class=\"prodview-info-about\">\n<div class=\"prodview-info-about\">&#8220;TORO&#8221; Hrom\u0113ts ped\u0101\u013cspainis ar v\u0101ku.<\/div>\n<div class=\"prodview-info-about\">Izm\u0113rs: \u00d825x40cm<\/div>\n<div class=\"prodview-info-about\">Tilpums: 12L<\/div>\n<div class=\"prodview-info-about\">Materi\u0101ls: met\u0101ls, plastmasa<\/div>\n<div class=\"prodview-info-about\">\u0112rti iz\u0146emams plastmasas spainis \u00d824&#215;33.5cm<\/div>\n<\/div>\n<div class=\"prodview-info-about\">Ra\u017eots: \u0136\u012bn\u0101<\/div>\n<\/div>\n<\/div>\n<\/div>\n<\/div>\n<\/div>\n<div><\/div>\n<\/div>\n<\/div>\n<\/div>\n<\/div>\n<\/div>\n","protected":false},"excerpt":{"rendered":"<div class=\"item_meta\"><\/div>\n<div><\/div>\n","protected":false},"featured_media":3412,"template":"","meta":{"inline_featured_image":false},"product_cat":[166,180,193],"product_tag":[],"class_list":{"0":"post-2980","1":"product","2":"type-product","3":"status-publish","4":"has-post-thumbnail","6":"product_cat-atkritumu-tvertnes-papirgrozi-spaini","7":"product_cat-atkritumu-tvertne-ar-pedali","8":"product_cat-metala","10":"first","11":"instock","12":"taxable","13":"shipping-taxable","14":"purchasable","15":"product-type-simple","16":"add-to-wishlist-after_add_to_cart"},"_links":{"self":[{"href":"https:\/\/alkaline.lv\/en\/wp-json\/wp\/v2\/product\/2980"}],"collection":[{"href":"https:\/\/alkaline.lv\/en\/wp-json\/wp\/v2\/product"}],"about":[{"href":"https:\/\/alkaline.lv\/en\/wp-json\/wp\/v2\/types\/product"}],"wp:featuredmedia":[{"embeddable":true,"href":"https:\/\/alkaline.lv\/en\/wp-json\/wp\/v2\/media\/3412"}],"wp:attachment":[{"href":"https:\/\/alkaline.lv\/en\/wp-json\/wp\/v2\/media?parent=2980"}],"wp:term":[{"taxonomy":"product_cat","embeddable":true,"href":"https:\/\/alkaline.lv\/en\/wp-json\/wp\/v2\/product_cat?post=2980"},{"taxonomy":"product_tag","embeddable":true,"href":"https:\/\/alkaline.lv\/en\/wp-json\/wp\/v2\/product_tag?post=2980"}],"curies":[{"name":"wp","href":"https:\/\/api.w.org\/{rel}","templated":true}]}}