{"id":2982,"date":"2021-04-17T17:32:32","date_gmt":"2021-04-17T14:32:32","guid":{"rendered":"https:\/\/alkaline.lv\/?post_type=product&#038;p=2982"},"modified":"2022-11-16T12:03:09","modified_gmt":"2022-11-16T10:03:09","slug":"pedalspainis-20l-o29x45cm-hromets","status":"publish","type":"product","link":"https:\/\/alkaline.lv\/en\/products\/pedalspainis-20l-o29x45cm-hromets\/","title":{"rendered":"Ped\u0101\u013cspainis 20L \u00d829x45cm hrom\u0113ts"},"content":{"rendered":"<div class=\"item_meta\">\n<div class=\"prodview-info-about\">\n<div class=\"prodview-info-about\">\n<div class=\"prodview-info-about\">\n<div class=\"prodview-info-about\">\n<div class=\"prodview-info-about\">\n<div class=\"prodview-info-about\">\n<div class=\"prodview-info-about\">\n<div class=\"prodview-info-about\">\n<div class=\"prodview-info-about\">\n<div class=\"prodview-info-about\">\n<div class=\"prodview-info-about\">\n<div class=\"prodview-info-about\">&#8220;TORO&#8221; Hrom\u0113ts ped\u0101\u013cspainis ar v\u0101ku.<\/div>\n<div class=\"prodview-info-about\">Izm\u0113rs: \u00d829x45cm<\/div>\n<div class=\"prodview-info-about\">Tilpums: 20L<\/div>\n<div class=\"prodview-info-about\">Materi\u0101ls: met\u0101ls, plastmasa<\/div>\n<p>\u0112rti iz\u0146emams plastmasas spainis \u00d828&#215;38.5cm<\/p>\n<div class=\"prodview-info-about\">Ra\u017eots: \u0136\u012bn\u0101<\/div>\n<\/div>\n<\/div>\n<\/div>\n<\/div>\n<\/div>\n<\/div>\n<\/div>\n<\/div>\n<\/div>\n<\/div>\n<\/div>\n<\/div>\n","protected":false},"excerpt":{"rendered":"<p>&#8220;TORO&#8221; Hrom\u0113ts ped\u0101\u013cspainis ar v\u0101ku. Izm\u0113rs: \u00d829x45cm Tilpums: 20L Materi\u0101ls: met\u0101ls, plastmasa \u0112rti iz\u0146emams plastmasas spainis \u00d828&#215;38.5cm Ra\u017eots: \u0136\u012bn\u0101<\/p>\n","protected":false},"featured_media":2983,"template":"","meta":{"inline_featured_image":false},"product_cat":[166,180,193],"product_tag":[],"class_list":{"0":"post-2982","1":"product","2":"type-product","3":"status-publish","4":"has-post-thumbnail","6":"product_cat-atkritumu-tvertnes-papirgrozi-spaini","7":"product_cat-atkritumu-tvertne-ar-pedali","8":"product_cat-metala","10":"first","11":"instock","12":"taxable","13":"shipping-taxable","14":"purchasable","15":"product-type-simple","16":"add-to-wishlist-after_add_to_cart"},"_links":{"self":[{"href":"https:\/\/alkaline.lv\/en\/wp-json\/wp\/v2\/product\/2982"}],"collection":[{"href":"https:\/\/alkaline.lv\/en\/wp-json\/wp\/v2\/product"}],"about":[{"href":"https:\/\/alkaline.lv\/en\/wp-json\/wp\/v2\/types\/product"}],"wp:featuredmedia":[{"embeddable":true,"href":"https:\/\/alkaline.lv\/en\/wp-json\/wp\/v2\/media\/2983"}],"wp:attachment":[{"href":"https:\/\/alkaline.lv\/en\/wp-json\/wp\/v2\/media?parent=2982"}],"wp:term":[{"taxonomy":"product_cat","embeddable":true,"href":"https:\/\/alkaline.lv\/en\/wp-json\/wp\/v2\/product_cat?post=2982"},{"taxonomy":"product_tag","embeddable":true,"href":"https:\/\/alkaline.lv\/en\/wp-json\/wp\/v2\/product_tag?post=2982"}],"curies":[{"name":"wp","href":"https:\/\/api.w.org\/{rel}","templated":true}]}}