{"id":2998,"date":"2021-04-17T18:45:51","date_gmt":"2021-04-17T15:45:51","guid":{"rendered":"https:\/\/alkaline.lv\/?post_type=product&#038;p=2998"},"modified":"2022-11-16T12:05:23","modified_gmt":"2022-11-16T10:05:23","slug":"pedalspainis-5l-elegance-mat-hroms","status":"publish","type":"product","link":"https:\/\/alkaline.lv\/en\/products\/pedalspainis-5l-elegance-mat-hroms\/","title":{"rendered":"Ped\u0101\u013cspainis 5L Elegance mat. hroms"},"content":{"rendered":"<div class=\"prodview-info-about\">&#8220;TORO&#8221;<br \/>\nMat\u0113ta hroma ped\u0101\u013cspainis ar v\u0101ku.<br \/>\nIzm\u0113rs: \u00d821x27cm<br \/>\nTilpums: 5L<br \/>\nMateri\u0101ls: met\u0101ls,plastmasa<\/div>\n<div class=\"prodview-info-about\">\u0112rti iz\u0146emams plastmasas spainis \u00d820&#215;21.5cm<br \/>\nRa\u017eots: \u0136\u012bn\u0101<\/div>\n","protected":false},"excerpt":{"rendered":"<div class=\"item_meta\"><\/div>\n<div><\/div>\n","protected":false},"featured_media":2999,"template":"","meta":{"inline_featured_image":false},"product_cat":[166,180,193],"product_tag":[],"class_list":{"0":"post-2998","1":"product","2":"type-product","3":"status-publish","4":"has-post-thumbnail","6":"product_cat-atkritumu-tvertnes-papirgrozi-spaini","7":"product_cat-atkritumu-tvertne-ar-pedali","8":"product_cat-metala","10":"first","11":"instock","12":"taxable","13":"shipping-taxable","14":"purchasable","15":"product-type-simple","16":"add-to-wishlist-after_add_to_cart"},"_links":{"self":[{"href":"https:\/\/alkaline.lv\/en\/wp-json\/wp\/v2\/product\/2998"}],"collection":[{"href":"https:\/\/alkaline.lv\/en\/wp-json\/wp\/v2\/product"}],"about":[{"href":"https:\/\/alkaline.lv\/en\/wp-json\/wp\/v2\/types\/product"}],"wp:featuredmedia":[{"embeddable":true,"href":"https:\/\/alkaline.lv\/en\/wp-json\/wp\/v2\/media\/2999"}],"wp:attachment":[{"href":"https:\/\/alkaline.lv\/en\/wp-json\/wp\/v2\/media?parent=2998"}],"wp:term":[{"taxonomy":"product_cat","embeddable":true,"href":"https:\/\/alkaline.lv\/en\/wp-json\/wp\/v2\/product_cat?post=2998"},{"taxonomy":"product_tag","embeddable":true,"href":"https:\/\/alkaline.lv\/en\/wp-json\/wp\/v2\/product_tag?post=2998"}],"curies":[{"name":"wp","href":"https:\/\/api.w.org\/{rel}","templated":true}]}}