{"id":3002,"date":"2021-04-17T18:53:42","date_gmt":"2021-04-17T15:53:42","guid":{"rendered":"https:\/\/alkaline.lv\/?post_type=product&#038;p=3002"},"modified":"2022-11-16T11:57:20","modified_gmt":"2022-11-16T09:57:20","slug":"pedalspainis-20l-elegance-mat-hroms","status":"publish","type":"product","link":"https:\/\/alkaline.lv\/en\/products\/pedalspainis-20l-elegance-mat-hroms\/","title":{"rendered":"Ped\u0101\u013cspainis 20L Elegance mat.hroms"},"content":{"rendered":"<div class=\"prodview-info-about\">\n<div class=\"prodview-info-about\">\n<div class=\"prodview-info-about\">&#8220;TORO&#8221;<br \/>\nMat\u0113ta hroma ped\u0101\u013cspainis ar v\u0101ku.<br \/>\nIzm\u0113rs: \u00d831x46cm<br \/>\nTilpums: 20L<br \/>\nMateri\u0101ls: met\u0101ls,plastmasa<\/div>\n<div class=\"prodview-info-about\">\u0112rti iz\u0146emams plastmasas spainis \u00d828x40cm<\/div>\n<div class=\"prodview-info-about\">Ra\u017eots: \u0136\u012bn\u0101<\/div>\n<\/div>\n<\/div>\n","protected":false},"excerpt":{"rendered":"<p>&#8220;TORO&#8221; Mat\u0113ta hroma ped\u0101\u013cspainis ar v\u0101ku. Izm\u0113rs: \u00d831x46cm Tilpums: 20L Materi\u0101ls: met\u0101ls,plastmasa \u0112rti iz\u0146emams plastmasas spainis \u00d828x40cm Ra\u017eots: \u0136\u012bn\u0101<\/p>\n","protected":false},"featured_media":3003,"template":"","meta":{"inline_featured_image":false},"product_cat":[166,180,193],"product_tag":[],"class_list":{"0":"post-3002","1":"product","2":"type-product","3":"status-publish","4":"has-post-thumbnail","6":"product_cat-atkritumu-tvertnes-papirgrozi-spaini","7":"product_cat-atkritumu-tvertne-ar-pedali","8":"product_cat-metala","10":"first","11":"instock","12":"taxable","13":"shipping-taxable","14":"purchasable","15":"product-type-simple","16":"add-to-wishlist-after_add_to_cart"},"_links":{"self":[{"href":"https:\/\/alkaline.lv\/en\/wp-json\/wp\/v2\/product\/3002"}],"collection":[{"href":"https:\/\/alkaline.lv\/en\/wp-json\/wp\/v2\/product"}],"about":[{"href":"https:\/\/alkaline.lv\/en\/wp-json\/wp\/v2\/types\/product"}],"wp:featuredmedia":[{"embeddable":true,"href":"https:\/\/alkaline.lv\/en\/wp-json\/wp\/v2\/media\/3003"}],"wp:attachment":[{"href":"https:\/\/alkaline.lv\/en\/wp-json\/wp\/v2\/media?parent=3002"}],"wp:term":[{"taxonomy":"product_cat","embeddable":true,"href":"https:\/\/alkaline.lv\/en\/wp-json\/wp\/v2\/product_cat?post=3002"},{"taxonomy":"product_tag","embeddable":true,"href":"https:\/\/alkaline.lv\/en\/wp-json\/wp\/v2\/product_tag?post=3002"}],"curies":[{"name":"wp","href":"https:\/\/api.w.org\/{rel}","templated":true}]}}