{"id":3013,"date":"2021-04-17T19:10:19","date_gmt":"2021-04-17T16:10:19","guid":{"rendered":"https:\/\/alkaline.lv\/?post_type=product&#038;p=3013"},"modified":"2022-11-16T18:00:07","modified_gmt":"2022-11-16T16:00:07","slug":"pedalsp-7l-clean-keeper-bess-bruns","status":"publish","type":"product","link":"https:\/\/alkaline.lv\/en\/products\/pedalsp-7l-clean-keeper-bess-bruns\/","title":{"rendered":"Ped\u0101\u013csp. 7L CLEAN KEEPER b\u0113\u0161s- br\u016bns"},"content":{"rendered":"<div class=\"prodview-info-about\">\n<div class=\"prodview-info-about\">\n<div class=\"prodview-info-about\">\n<div class=\"prodview-info-about\">\n<div class=\"prodview-info-about\">Dunyaplastik (Turcija)<br \/>\nIzm\u0113rs: 28&#215;22.5x23cm<br \/>\nTilpums: 7L<br \/>\nMateri\u0101ls: Plastmasa<br \/>\nRa\u017eots: Turcij\u0101<\/div>\n<\/div>\n<\/div>\n<\/div>\n<\/div>\n","protected":false},"excerpt":{"rendered":"<div class=\"item_meta\"><\/div>\n<div><\/div>\n","protected":false},"featured_media":3014,"template":"","meta":{"inline_featured_image":false},"product_cat":[166,180,194,183],"product_tag":[],"class_list":{"0":"post-3013","1":"product","2":"type-product","3":"status-publish","4":"has-post-thumbnail","6":"product_cat-atkritumu-tvertnes-papirgrozi-spaini","7":"product_cat-atkritumu-tvertne-ar-pedali","8":"product_cat-plastmasa","9":"product_cat-5l-20l","11":"first","12":"instock","13":"taxable","14":"shipping-taxable","15":"purchasable","16":"product-type-simple","17":"add-to-wishlist-after_add_to_cart"},"_links":{"self":[{"href":"https:\/\/alkaline.lv\/en\/wp-json\/wp\/v2\/product\/3013"}],"collection":[{"href":"https:\/\/alkaline.lv\/en\/wp-json\/wp\/v2\/product"}],"about":[{"href":"https:\/\/alkaline.lv\/en\/wp-json\/wp\/v2\/types\/product"}],"wp:featuredmedia":[{"embeddable":true,"href":"https:\/\/alkaline.lv\/en\/wp-json\/wp\/v2\/media\/3014"}],"wp:attachment":[{"href":"https:\/\/alkaline.lv\/en\/wp-json\/wp\/v2\/media?parent=3013"}],"wp:term":[{"taxonomy":"product_cat","embeddable":true,"href":"https:\/\/alkaline.lv\/en\/wp-json\/wp\/v2\/product_cat?post=3013"},{"taxonomy":"product_tag","embeddable":true,"href":"https:\/\/alkaline.lv\/en\/wp-json\/wp\/v2\/product_tag?post=3013"}],"curies":[{"name":"wp","href":"https:\/\/api.w.org\/{rel}","templated":true}]}}