{"id":3032,"date":"2021-04-17T19:46:50","date_gmt":"2021-04-17T16:46:50","guid":{"rendered":"https:\/\/alkaline.lv\/?post_type=product&#038;p=3032"},"modified":"2022-11-16T13:37:29","modified_gmt":"2022-11-16T11:37:29","slug":"pedalsp-30l-clean-keeper-balts","status":"publish","type":"product","link":"https:\/\/alkaline.lv\/en\/products\/pedalsp-30l-clean-keeper-balts\/","title":{"rendered":"Ped\u0101\u013csp. 30L CLEAN KEEPER balts"},"content":{"rendered":"<div class=\"prodview-info-about\">\n<div class=\"prodview-info-about\">\n<div class=\"prodview-info-about\">\n<div class=\"prodview-info-about\">\n<div class=\"prodview-info-about\">\n<div class=\"prodview-info-about\">Dunyaplastik (Turcija)<br \/>\nIzm\u0113rs: 46.5&#215;36.5x35cm<br \/>\nTilpums: 30L<br \/>\nMateri\u0101ls: Plastmasa<br \/>\nRa\u017eots: Turcij\u0101<\/div>\n<\/div>\n<\/div>\n<\/div>\n<\/div>\n<\/div>\n","protected":false},"excerpt":{"rendered":"<p>Dunyaplastik (Turcija) Izm\u0113rs: 46.5&#215;36.5x35cm Tilpums: 30L Materi\u0101ls: Plastmasa Ra\u017eots: Turcij\u0101<\/p>\n","protected":false},"featured_media":3033,"template":"","meta":{"inline_featured_image":false},"product_cat":[185,180,166,194],"product_tag":[],"class_list":{"0":"post-3032","1":"product","2":"type-product","3":"status-publish","4":"has-post-thumbnail","6":"product_cat-21l-50l","7":"product_cat-atkritumu-tvertne-ar-pedali","8":"product_cat-atkritumu-tvertnes-papirgrozi-spaini","9":"product_cat-plastmasa","11":"first","12":"instock","13":"taxable","14":"shipping-taxable","15":"purchasable","16":"product-type-simple","17":"add-to-wishlist-after_add_to_cart"},"_links":{"self":[{"href":"https:\/\/alkaline.lv\/en\/wp-json\/wp\/v2\/product\/3032","targetHints":{"allow":["GET"]}}],"collection":[{"href":"https:\/\/alkaline.lv\/en\/wp-json\/wp\/v2\/product"}],"about":[{"href":"https:\/\/alkaline.lv\/en\/wp-json\/wp\/v2\/types\/product"}],"wp:featuredmedia":[{"embeddable":true,"href":"https:\/\/alkaline.lv\/en\/wp-json\/wp\/v2\/media\/3033"}],"wp:attachment":[{"href":"https:\/\/alkaline.lv\/en\/wp-json\/wp\/v2\/media?parent=3032"}],"wp:term":[{"taxonomy":"product_cat","embeddable":true,"href":"https:\/\/alkaline.lv\/en\/wp-json\/wp\/v2\/product_cat?post=3032"},{"taxonomy":"product_tag","embeddable":true,"href":"https:\/\/alkaline.lv\/en\/wp-json\/wp\/v2\/product_tag?post=3032"}],"curies":[{"name":"wp","href":"https:\/\/api.w.org\/{rel}","templated":true}]}}