{"id":3152,"date":"2021-04-18T12:21:41","date_gmt":"2021-04-18T09:21:41","guid":{"rendered":"https:\/\/alkaline.lv\/?post_type=product&#038;p=3152"},"modified":"2021-04-18T13:20:27","modified_gmt":"2021-04-18T10:20:27","slug":"papirs-image-coloraction-19-a4-80-g-m2-500-loksnes-ametista","status":"publish","type":"product","link":"https:\/\/alkaline.lv\/en\/products\/papirs-image-coloraction-19-a4-80-g-m2-500-loksnes-ametista\/","title":{"rendered":"Pap\u012brs Image Coloraction 19, A4, 80 g\/m2, 500 loksnes, ametista"},"content":{"rendered":"<p>A4 kr\u0101sainais pap\u012brs, piem\u0113rots visu veidu biroja tehnikai. Image Coloraction ir lieliski lietojams bro\u0161\u016br\u0101m, prezent\u0101cij\u0101m, pasta s\u016bt\u012bjumiem, rekl\u0101mas lap\u0101m, kr\u0101sain\u0101m izdruk\u0101m. Notur\u012bgs pret noveco\u0161anos.<\/p>\n","protected":false},"excerpt":{"rendered":"<p>&nbsp;<\/p>\n<div class=\"item_meta\">Cena ar PVN<strong><span style=\"color: #ff0000;\"> 12,39 \u20ac<\/span><\/strong><\/div>\n<div><\/div>\n","protected":false},"featured_media":3153,"template":"","meta":{"inline_featured_image":false},"product_cat":[171],"product_tag":[],"class_list":{"0":"post-3152","1":"product","2":"type-product","3":"status-publish","4":"has-post-thumbnail","6":"product_cat-a3-formats-krasainais","8":"first","9":"instock","10":"taxable","11":"shipping-taxable","12":"purchasable","13":"product-type-simple","14":"add-to-wishlist-after_add_to_cart"},"_links":{"self":[{"href":"https:\/\/alkaline.lv\/en\/wp-json\/wp\/v2\/product\/3152"}],"collection":[{"href":"https:\/\/alkaline.lv\/en\/wp-json\/wp\/v2\/product"}],"about":[{"href":"https:\/\/alkaline.lv\/en\/wp-json\/wp\/v2\/types\/product"}],"wp:featuredmedia":[{"embeddable":true,"href":"https:\/\/alkaline.lv\/en\/wp-json\/wp\/v2\/media\/3153"}],"wp:attachment":[{"href":"https:\/\/alkaline.lv\/en\/wp-json\/wp\/v2\/media?parent=3152"}],"wp:term":[{"taxonomy":"product_cat","embeddable":true,"href":"https:\/\/alkaline.lv\/en\/wp-json\/wp\/v2\/product_cat?post=3152"},{"taxonomy":"product_tag","embeddable":true,"href":"https:\/\/alkaline.lv\/en\/wp-json\/wp\/v2\/product_tag?post=3152"}],"curies":[{"name":"wp","href":"https:\/\/api.w.org\/{rel}","templated":true}]}}