{"id":3228,"date":"2021-04-19T12:49:24","date_gmt":"2021-04-19T09:49:24","guid":{"rendered":"https:\/\/alkaline.lv\/?post_type=product&#038;p=3228"},"modified":"2022-11-17T19:18:53","modified_gmt":"2022-11-17T17:18:53","slug":"lapu-plastmasas-grabeklis-23-zari-540mm-ar-metala-katu","status":"publish","type":"product","link":"https:\/\/alkaline.lv\/en\/products\/lapu-plastmasas-grabeklis-23-zari-540mm-ar-metala-katu\/","title":{"rendered":"Lapu plastmasas gr\u0101beklis, 23 zari, 540mm, ar met\u0101la k\u0101tu"},"content":{"rendered":"<table class=\"table table-striped small\">\n<colgroup>\n<col width=\"35%\" \/>\n<col \/><\/colgroup>\n<tbody>\n<tr class=\"\">\n<td>Svars<\/td>\n<td>0.59<\/td>\n<\/tr>\n<\/tbody>\n<\/table>\n<div>TERRA<\/div>\n<div class=\"sku-codes\">\n<div class=\"manucode\">Ra\u017eot\u0101jvalsts:\u00a0\u0136\u012bna<\/div>\n<\/div>\n","protected":false},"excerpt":{"rendered":"<div class=\"item_meta\"><\/div>\n<div><\/div>\n","protected":false},"featured_media":3229,"template":"","meta":{"inline_featured_image":false},"product_cat":[175],"product_tag":[],"class_list":{"0":"post-3228","1":"product","2":"type-product","3":"status-publish","4":"has-post-thumbnail","6":"product_cat-darza-grabekli","8":"first","9":"instock","10":"taxable","11":"shipping-taxable","12":"purchasable","13":"product-type-simple","14":"add-to-wishlist-after_add_to_cart"},"_links":{"self":[{"href":"https:\/\/alkaline.lv\/en\/wp-json\/wp\/v2\/product\/3228"}],"collection":[{"href":"https:\/\/alkaline.lv\/en\/wp-json\/wp\/v2\/product"}],"about":[{"href":"https:\/\/alkaline.lv\/en\/wp-json\/wp\/v2\/types\/product"}],"wp:featuredmedia":[{"embeddable":true,"href":"https:\/\/alkaline.lv\/en\/wp-json\/wp\/v2\/media\/3229"}],"wp:attachment":[{"href":"https:\/\/alkaline.lv\/en\/wp-json\/wp\/v2\/media?parent=3228"}],"wp:term":[{"taxonomy":"product_cat","embeddable":true,"href":"https:\/\/alkaline.lv\/en\/wp-json\/wp\/v2\/product_cat?post=3228"},{"taxonomy":"product_tag","embeddable":true,"href":"https:\/\/alkaline.lv\/en\/wp-json\/wp\/v2\/product_tag?post=3228"}],"curies":[{"name":"wp","href":"https:\/\/api.w.org\/{rel}","templated":true}]}}