{"id":3245,"date":"2021-04-19T14:23:23","date_gmt":"2021-04-19T11:23:23","guid":{"rendered":"https:\/\/alkaline.lv\/?post_type=product&#038;p=3245"},"modified":"2025-08-12T13:41:07","modified_gmt":"2025-08-12T10:41:07","slug":"birste-400-mm-ar-katu-d24-mm-1-3m","status":"publish","type":"product","link":"https:\/\/alkaline.lv\/en\/products\/birste-400-mm-ar-katu-d24-mm-1-3m\/","title":{"rendered":"Ielas birste 40 cm, ar k\u0101tu D24 mm 1.3m"},"content":{"rendered":"<table class=\"table table-striped small\">\n<tbody>\n<tr class=\"\">\n<td>Svars<\/td>\n<td>0.87<\/td>\n<\/tr>\n<\/tbody>\n<\/table>\n<div>OEM<\/div>\n<div class=\"sku-codes\">\n<div class=\"manucode\">Ra\u017eot\u0101jvalsts: Ra\u017eots priek\u0161 Eiropas Savien\u012bbas<\/div>\n<\/div>\n","protected":false},"excerpt":{"rendered":"<div class=\"item_meta\"><\/div>\n","protected":false},"featured_media":3244,"template":"","meta":{"inline_featured_image":false},"product_cat":[176],"product_tag":[],"class_list":{"0":"post-3245","1":"product","2":"type-product","3":"status-publish","4":"has-post-thumbnail","6":"product_cat-ara-birstes-un-slotas","8":"first","9":"instock","10":"taxable","11":"shipping-taxable","12":"purchasable","13":"product-type-simple","14":"add-to-wishlist-after_add_to_cart"},"_links":{"self":[{"href":"https:\/\/alkaline.lv\/en\/wp-json\/wp\/v2\/product\/3245"}],"collection":[{"href":"https:\/\/alkaline.lv\/en\/wp-json\/wp\/v2\/product"}],"about":[{"href":"https:\/\/alkaline.lv\/en\/wp-json\/wp\/v2\/types\/product"}],"wp:featuredmedia":[{"embeddable":true,"href":"https:\/\/alkaline.lv\/en\/wp-json\/wp\/v2\/media\/3244"}],"wp:attachment":[{"href":"https:\/\/alkaline.lv\/en\/wp-json\/wp\/v2\/media?parent=3245"}],"wp:term":[{"taxonomy":"product_cat","embeddable":true,"href":"https:\/\/alkaline.lv\/en\/wp-json\/wp\/v2\/product_cat?post=3245"},{"taxonomy":"product_tag","embeddable":true,"href":"https:\/\/alkaline.lv\/en\/wp-json\/wp\/v2\/product_tag?post=3245"}],"curies":[{"name":"wp","href":"https:\/\/api.w.org\/{rel}","templated":true}]}}