{"id":3254,"date":"2021-04-19T14:38:24","date_gmt":"2021-04-19T11:38:24","guid":{"rendered":"https:\/\/alkaline.lv\/?post_type=product&#038;p=3254"},"modified":"2022-11-14T17:55:28","modified_gmt":"2022-11-14T15:55:28","slug":"birste-bez-kata-500-mm","status":"publish","type":"product","link":"https:\/\/alkaline.lv\/en\/products\/birste-bez-kata-500-mm\/","title":{"rendered":"Ielas birste bez k\u0101ta 50 cm, ar met\u0101la stiprin\u0101jumu"},"content":{"rendered":"<table class=\"table table-striped small\">\n<tbody>\n<tr class=\"\">\n<td>Svars<\/td>\n<td>0.57<\/td>\n<\/tr>\n<\/tbody>\n<\/table>\n<div>OEM<\/div>\n<div class=\"sku-codes\">\n<div class=\"manucode\">Ra\u017eot\u0101jvalsts:\u00a0Polija<\/div>\n<\/div>\n","protected":false},"excerpt":{"rendered":"<div class=\"item_meta\"><\/div>\n<div><\/div>\n","protected":false},"featured_media":3251,"template":"","meta":{"inline_featured_image":false},"product_cat":[176],"product_tag":[],"class_list":{"0":"post-3254","1":"product","2":"type-product","3":"status-publish","4":"has-post-thumbnail","6":"product_cat-ara-birstes-un-slotas","8":"first","9":"instock","10":"taxable","11":"shipping-taxable","12":"purchasable","13":"product-type-simple","14":"add-to-wishlist-after_add_to_cart"},"_links":{"self":[{"href":"https:\/\/alkaline.lv\/en\/wp-json\/wp\/v2\/product\/3254"}],"collection":[{"href":"https:\/\/alkaline.lv\/en\/wp-json\/wp\/v2\/product"}],"about":[{"href":"https:\/\/alkaline.lv\/en\/wp-json\/wp\/v2\/types\/product"}],"wp:featuredmedia":[{"embeddable":true,"href":"https:\/\/alkaline.lv\/en\/wp-json\/wp\/v2\/media\/3251"}],"wp:attachment":[{"href":"https:\/\/alkaline.lv\/en\/wp-json\/wp\/v2\/media?parent=3254"}],"wp:term":[{"taxonomy":"product_cat","embeddable":true,"href":"https:\/\/alkaline.lv\/en\/wp-json\/wp\/v2\/product_cat?post=3254"},{"taxonomy":"product_tag","embeddable":true,"href":"https:\/\/alkaline.lv\/en\/wp-json\/wp\/v2\/product_tag?post=3254"}],"curies":[{"name":"wp","href":"https:\/\/api.w.org\/{rel}","templated":true}]}}