{"id":3271,"date":"2021-04-19T22:16:20","date_gmt":"2021-04-19T19:16:20","guid":{"rendered":"https:\/\/alkaline.lv\/?post_type=product&#038;p=3271"},"modified":"2022-11-16T11:27:03","modified_gmt":"2022-11-16T09:27:03","slug":"atkr-kaste-5l-slim-besa-bruna","status":"publish","type":"product","link":"https:\/\/alkaline.lv\/en\/products\/atkr-kaste-5l-slim-besa-bruna\/","title":{"rendered":"Atkr. kaste 5L SLIM b\u0113\u0161a-br\u016bna"},"content":{"rendered":"<div class=\"item_meta\">\n<div class=\"prodview-info-about\">\n<div class=\"prodview-info-about\">\n<div class=\"prodview-info-about\">\n<div class=\"prodview-info-about\">\n<div class=\"prodview-info-about\">\n<div class=\"prodview-info-about\">\n<div class=\"prodview-info-about\">\n<div class=\"prodview-info-about\">\n<div class=\"prodview-info-about\">\n<div class=\"prodview-info-about\">\n<div class=\"prodview-info-about\">\n<div class=\"prodview-info-about\">\n<div class=\"prodview-info-about\">Dunyaplastik (Turcija)<br \/>\nIzm\u0113rs: 28x15x18.5cm<br \/>\nTilpums: 5L<br \/>\nMateri\u0101ls: Plastmasa<br \/>\nRa\u017eots: Turcij\u0101<\/div>\n<\/div>\n<\/div>\n<\/div>\n<\/div>\n<\/div>\n<\/div>\n<\/div>\n<\/div>\n<\/div>\n<\/div>\n<\/div>\n<\/div>\n<\/div>\n","protected":false},"excerpt":{"rendered":"<div class=\"item_meta\"><\/div>\n<div><\/div>\n","protected":false},"featured_media":3272,"template":"","meta":{"inline_featured_image":false},"product_cat":[188],"product_tag":[],"class_list":{"0":"post-3271","1":"product","2":"type-product","3":"status-publish","4":"has-post-thumbnail","6":"product_cat-5l-25l","8":"first","9":"instock","10":"taxable","11":"shipping-taxable","12":"purchasable","13":"product-type-simple","14":"add-to-wishlist-after_add_to_cart"},"_links":{"self":[{"href":"https:\/\/alkaline.lv\/en\/wp-json\/wp\/v2\/product\/3271"}],"collection":[{"href":"https:\/\/alkaline.lv\/en\/wp-json\/wp\/v2\/product"}],"about":[{"href":"https:\/\/alkaline.lv\/en\/wp-json\/wp\/v2\/types\/product"}],"wp:featuredmedia":[{"embeddable":true,"href":"https:\/\/alkaline.lv\/en\/wp-json\/wp\/v2\/media\/3272"}],"wp:attachment":[{"href":"https:\/\/alkaline.lv\/en\/wp-json\/wp\/v2\/media?parent=3271"}],"wp:term":[{"taxonomy":"product_cat","embeddable":true,"href":"https:\/\/alkaline.lv\/en\/wp-json\/wp\/v2\/product_cat?post=3271"},{"taxonomy":"product_tag","embeddable":true,"href":"https:\/\/alkaline.lv\/en\/wp-json\/wp\/v2\/product_tag?post=3271"}],"curies":[{"name":"wp","href":"https:\/\/api.w.org\/{rel}","templated":true}]}}