{"id":3297,"date":"2021-04-20T20:19:52","date_gmt":"2021-04-20T17:19:52","guid":{"rendered":"https:\/\/alkaline.lv\/?post_type=product&#038;p=3297"},"modified":"2022-11-16T10:58:27","modified_gmt":"2022-11-16T08:58:27","slug":"atkr-kaste-50l-slim-balta-kopija","status":"publish","type":"product","link":"https:\/\/alkaline.lv\/en\/products\/atkr-kaste-50l-slim-balta-kopija\/","title":{"rendered":"Atkr. kaste 50L SLIM pel\u0113ka-melna"},"content":{"rendered":"<div class=\"item_meta\">\n<div class=\"prodview-info-about\">\n<div class=\"prodview-info-about\">\n<div class=\"prodview-info-about\">\n<div class=\"prodview-info-about\">\n<div class=\"prodview-info-about\">\n<div class=\"prodview-info-about\">\n<div class=\"prodview-info-about\">\n<div class=\"prodview-info-about\">\n<div class=\"prodview-info-about\">\n<div class=\"prodview-info-about\">Dunyaplastik (Turcija)<br \/>\nIzm\u0113rs: 34.5x70x44cm<br \/>\nTilpums: 50L<br \/>\nMateri\u0101ls: Plastmasa<br \/>\nRa\u017eots: Turcij\u0101<\/div>\n<div class=\"prodview-info-about\"><\/div>\n<p>&nbsp;<\/p>\n<\/div>\n<\/div>\n<\/div>\n<\/div>\n<\/div>\n<\/div>\n<\/div>\n<\/div>\n<\/div>\n<\/div>\n","protected":false},"excerpt":{"rendered":"<p>Dunyaplastik (Turcija) Izm\u0113rs: 34.5x70x44cm Tilpums: 50L Materi\u0101ls: Plastmasa Ra\u017eots: Turcij\u0101 &nbsp;<\/p>\n","protected":false},"featured_media":3298,"template":"","meta":{"inline_featured_image":false},"product_cat":[192],"product_tag":[],"class_list":{"0":"post-3297","1":"product","2":"type-product","3":"status-publish","4":"has-post-thumbnail","6":"product_cat-35l-50l","8":"first","9":"instock","10":"taxable","11":"shipping-taxable","12":"purchasable","13":"product-type-simple","14":"add-to-wishlist-after_add_to_cart"},"_links":{"self":[{"href":"https:\/\/alkaline.lv\/en\/wp-json\/wp\/v2\/product\/3297"}],"collection":[{"href":"https:\/\/alkaline.lv\/en\/wp-json\/wp\/v2\/product"}],"about":[{"href":"https:\/\/alkaline.lv\/en\/wp-json\/wp\/v2\/types\/product"}],"wp:featuredmedia":[{"embeddable":true,"href":"https:\/\/alkaline.lv\/en\/wp-json\/wp\/v2\/media\/3298"}],"wp:attachment":[{"href":"https:\/\/alkaline.lv\/en\/wp-json\/wp\/v2\/media?parent=3297"}],"wp:term":[{"taxonomy":"product_cat","embeddable":true,"href":"https:\/\/alkaline.lv\/en\/wp-json\/wp\/v2\/product_cat?post=3297"},{"taxonomy":"product_tag","embeddable":true,"href":"https:\/\/alkaline.lv\/en\/wp-json\/wp\/v2\/product_tag?post=3297"}],"curies":[{"name":"wp","href":"https:\/\/api.w.org\/{rel}","templated":true}]}}