{"id":3326,"date":"2021-04-20T21:01:38","date_gmt":"2021-04-20T18:01:38","guid":{"rendered":"https:\/\/alkaline.lv\/?post_type=product&#038;p=3326"},"modified":"2022-11-15T11:31:58","modified_gmt":"2022-11-15T09:31:58","slug":"atkr-kaste-35l-locked-easy-besa-bruna","status":"publish","type":"product","link":"https:\/\/alkaline.lv\/en\/products\/atkr-kaste-35l-locked-easy-besa-bruna\/","title":{"rendered":"Atkr. kaste 35L Locked Easy b\u0113\u0161a-br\u016bna"},"content":{"rendered":"<div class=\"item_meta\">\n<div class=\"prodview-info-about\">\n<div class=\"prodview-info-about\">\n<div class=\"prodview-info-about\">\n<div class=\"prodview-info-about\">\n<div class=\"prodview-info-about\">\n<div class=\"prodview-info-about\">\n<div class=\"prodview-info-about\">\n<div class=\"prodview-info-about\">\n<div class=\"prodview-info-about\">\n<div class=\"prodview-info-about\">\n<div class=\"prodview-info-about\">\n<div class=\"prodview-info-about\">\n<div class=\"prodview-info-about\">Dunyaplastik (Turcija) atkritumu kaste<\/div>\n<div class=\"prodview-info-about\">Izm\u0113rs: 29&#215;36.5xh52cm<br \/>\nTilpums: 35L<\/div>\n<div class=\"prodview-info-about\">Materi\u0101ls: Plastmasa<\/div>\n<div class=\"prodview-info-about\">Ra\u017eots: Turcij\u0101<\/div>\n<\/div>\n<\/div>\n<\/div>\n<div class=\"prodview-info-about\"><\/div>\n<p>&nbsp;<\/p>\n<\/div>\n<\/div>\n<\/div>\n<\/div>\n<\/div>\n<\/div>\n<\/div>\n<\/div>\n<\/div>\n<\/div>\n","protected":false},"excerpt":{"rendered":"<p>Dunyaplastik (Turcija) atkritumu kaste Izm\u0113rs: 29&#215;36.5xh52cm Tilpums: 35L Materi\u0101ls: Plastmasa Ra\u017eots: Turcij\u0101 &nbsp;<\/p>\n","protected":false},"featured_media":3327,"template":"","meta":{"inline_featured_image":false},"product_cat":[192],"product_tag":[],"class_list":{"0":"post-3326","1":"product","2":"type-product","3":"status-publish","4":"has-post-thumbnail","6":"product_cat-35l-50l","8":"first","9":"instock","10":"taxable","11":"shipping-taxable","12":"purchasable","13":"product-type-simple","14":"add-to-wishlist-after_add_to_cart"},"_links":{"self":[{"href":"https:\/\/alkaline.lv\/en\/wp-json\/wp\/v2\/product\/3326"}],"collection":[{"href":"https:\/\/alkaline.lv\/en\/wp-json\/wp\/v2\/product"}],"about":[{"href":"https:\/\/alkaline.lv\/en\/wp-json\/wp\/v2\/types\/product"}],"wp:featuredmedia":[{"embeddable":true,"href":"https:\/\/alkaline.lv\/en\/wp-json\/wp\/v2\/media\/3327"}],"wp:attachment":[{"href":"https:\/\/alkaline.lv\/en\/wp-json\/wp\/v2\/media?parent=3326"}],"wp:term":[{"taxonomy":"product_cat","embeddable":true,"href":"https:\/\/alkaline.lv\/en\/wp-json\/wp\/v2\/product_cat?post=3326"},{"taxonomy":"product_tag","embeddable":true,"href":"https:\/\/alkaline.lv\/en\/wp-json\/wp\/v2\/product_tag?post=3326"}],"curies":[{"name":"wp","href":"https:\/\/api.w.org\/{rel}","templated":true}]}}