{"id":3362,"date":"2021-04-20T23:08:44","date_gmt":"2021-04-20T20:08:44","guid":{"rendered":"https:\/\/alkaline.lv\/?post_type=product&#038;p=3362"},"modified":"2024-02-17T13:52:25","modified_gmt":"2024-02-17T11:52:25","slug":"mape-registrs-esselte-no1-power-pp-a4-formats-75mm-bordo","status":"publish","type":"product","link":"https:\/\/alkaline.lv\/en\/products\/mape-registrs-esselte-no1-power-pp-a4-formats-75mm-bordo\/","title":{"rendered":"Mape-re\u0123istrs ESSELTE No1 Power PP A4 form\u0101ts, 75mm, bordo"},"content":{"rendered":"<div class=\"item_meta\">\n<div class=\"prodview-info-about\">\n<div class=\"prodview-info-about\">\n<div class=\"prodview-info-about\">\n<div class=\"prodview-info-about\">\n<div class=\"prodview-info-about\">\n<div class=\"prodview-info-about\">\n<div class=\"prodview-info-about\">\n<div class=\"prodview-info-about\">\n<div class=\"prodview-info-about\">\n<div class=\"prodview-info-about\">\n<div class=\"prodview-info-about\">\n<div class=\"prodview-info-about\">\n<div class=\"prodview-info-about\"><\/div>\n<\/div>\n<\/div>\n<\/div>\n<div class=\"prodview-info-about\">\n<div class=\"PRODUCT__description desc description\">\n<div id=\"product-ef0b6cd972cd34228e20cf073f6b7ece\">A4 form\u0101ts<br \/>\nMuguri\u0146as platums 75 mm<br \/>\nAugstas kvalit\u0101tes piespie\u0161anas meh\u0101nisms<br \/>\nApak\u0161\u0113j\u0101s malas un st\u016bri ar met\u0101la apdari<br \/>\nUz muguri\u0146as \u012bpa\u0161s caurums \u0113rt\u0101kai iz\u0146em\u0161anai no plaukta<br \/>\nIzgatavota no 70% otrreiz\u0113ji p\u0101rstr\u0101d\u0101t\u0101m izejviel\u0101m<br \/>\nIepakojum\u0101 10 gab.<br \/>\nFSC sertific\u0113ts<\/div>\n<p>&nbsp;<\/p>\n<\/div>\n<div class=\"PRODUCT__actions\">\n<div class=\"PRODUCT__actions-item\"><\/div>\n<\/div>\n<\/div>\n<p>&nbsp;<\/p>\n<\/div>\n<\/div>\n<\/div>\n<\/div>\n<\/div>\n<\/div>\n<\/div>\n<\/div>\n<\/div>\n<\/div>\n","protected":false},"excerpt":{"rendered":"<div class=\"item_meta\"><\/div>\n<div><\/div>\n","protected":false},"featured_media":3363,"template":"","meta":{"inline_featured_image":false},"product_cat":[215],"product_tag":[],"class_list":{"0":"post-3362","1":"product","2":"type-product","3":"status-publish","4":"has-post-thumbnail","6":"product_cat-mape-registrs-esselte-no1-power-pp-a4-formats-75mm","8":"first","9":"instock","10":"taxable","11":"shipping-taxable","12":"purchasable","13":"product-type-simple","14":"add-to-wishlist-after_add_to_cart"},"_links":{"self":[{"href":"https:\/\/alkaline.lv\/en\/wp-json\/wp\/v2\/product\/3362"}],"collection":[{"href":"https:\/\/alkaline.lv\/en\/wp-json\/wp\/v2\/product"}],"about":[{"href":"https:\/\/alkaline.lv\/en\/wp-json\/wp\/v2\/types\/product"}],"wp:featuredmedia":[{"embeddable":true,"href":"https:\/\/alkaline.lv\/en\/wp-json\/wp\/v2\/media\/3363"}],"wp:attachment":[{"href":"https:\/\/alkaline.lv\/en\/wp-json\/wp\/v2\/media?parent=3362"}],"wp:term":[{"taxonomy":"product_cat","embeddable":true,"href":"https:\/\/alkaline.lv\/en\/wp-json\/wp\/v2\/product_cat?post=3362"},{"taxonomy":"product_tag","embeddable":true,"href":"https:\/\/alkaline.lv\/en\/wp-json\/wp\/v2\/product_tag?post=3362"}],"curies":[{"name":"wp","href":"https:\/\/api.w.org\/{rel}","templated":true}]}}