{"id":3398,"date":"2021-04-20T23:56:59","date_gmt":"2021-04-20T20:56:59","guid":{"rendered":"https:\/\/alkaline.lv\/?post_type=product&#038;p=3398"},"modified":"2026-04-19T21:12:28","modified_gmt":"2026-04-19T18:12:28","slug":"mape-registrs-esselte-vivida-no1-power-pp-a4-formats-75mm-zila","status":"publish","type":"product","link":"https:\/\/alkaline.lv\/en\/products\/mape-registrs-esselte-vivida-no1-power-pp-a4-formats-75mm-zila\/","title":{"rendered":"Elektrisk\u0101 t\u0113jkanna ar temper.izv\u0113lni AD 1340 Adler 1.7L\/2200W ner.t\u0113rauda"},"content":{"rendered":"<div class=\"item_meta\">\n<div class=\"prodview-info-about\">\n<div class=\"prodview-info-about\">\n<div class=\"prodview-info-about\">\n<div class=\"prodview-info-about\">\n<div class=\"prodview-info-about\">\n<div class=\"prodview-info-about\">\n<div class=\"prodview-info-about\">\n<div class=\"prodview-info-about\">\n<div class=\"prodview-info-about\">\n<div class=\"prodview-info-about\">\n<div class=\"prodview-info-about\">\n<div class=\"flex h-6 items-center border-y border-gray-200 bg-[#F0F1F2] px-2 text-base font-bold text-gray-700\">Pamatinformacija<\/div>\n<div class=\"flex flex-col divide-y divide-gray-200\">\n<div class=\"grid min-h-[30px] grid-cols-2 gap-x-2 overflow-hidden px-3 text-xs font-normal text-gray-700\">\n<div class=\"flex items-center\">Ra\u017eot\u0101ja artikuls AD 1340<\/div>\n<\/div>\n<div class=\"grid min-h-[30px] grid-cols-2 gap-x-2 overflow-hidden px-3 text-xs font-normal text-gray-700\">\n<div class=\"flex items-center\">Z\u012bmols Adler<\/div>\n<\/div>\n<div class=\"grid min-h-[30px] grid-cols-2 gap-x-2 overflow-hidden px-3 text-xs font-normal text-gray-700\">\n<div class=\"flex items-center\">Jauda (W) 2200<\/div>\n<\/div>\n<div class=\"grid min-h-[30px] grid-cols-2 gap-x-2 overflow-hidden px-3 text-xs font-normal text-gray-700\">\n<div class=\"flex items-center\">Tilpums (l) 1.7<\/div>\n<\/div>\n<div class=\"grid min-h-[30px] grid-cols-2 gap-x-2 overflow-hidden px-3 text-xs font-normal text-gray-700\">\n<div class=\"flex items-center\">Kr\u0101sa Ner\u016bs\u0113jo\u0161\u0101 t\u0113rauda<\/div>\n<\/div>\n<div class=\"grid min-h-[30px] grid-cols-2 gap-x-2 overflow-hidden px-3 text-xs font-normal text-gray-700\">\n<div class=\"flex items-center\">Valsts CN<\/div>\n<\/div>\n<div class=\"grid min-h-[30px] grid-cols-2 gap-x-2 overflow-hidden px-3 text-xs font-normal text-gray-700\">\n<div class=\"flex items-center\">Sv\u012btrkods<\/div>\n<div class=\"flex items-center font-semibold\">5903887805247,5903887805254<\/div>\n<\/div>\n<\/div>\n<\/div>\n<\/div>\n<div class=\"prodview-info-about\">\n<div class=\"PRODUCT__actions\">\n<div class=\"PRODUCT__actions-item\"><\/div>\n<\/div>\n<\/div>\n<p>&nbsp;<\/p>\n<\/div>\n<\/div>\n<\/div>\n<\/div>\n<\/div>\n<\/div>\n<\/div>\n<\/div>\n<\/div>\n<\/div>\n","protected":false},"excerpt":{"rendered":"<div class=\"item_meta\"><\/div>\n<div><\/div>\n","protected":false},"featured_media":73677,"template":"","meta":{"inline_featured_image":false},"product_cat":[263],"product_tag":[],"class_list":{"0":"post-3398","1":"product","2":"type-product","3":"status-publish","4":"has-post-thumbnail","6":"product_cat-elektriskas-tejkannas","8":"first","9":"instock","10":"taxable","11":"shipping-taxable","12":"purchasable","13":"product-type-simple","14":"add-to-wishlist-after_add_to_cart"},"_links":{"self":[{"href":"https:\/\/alkaline.lv\/en\/wp-json\/wp\/v2\/product\/3398"}],"collection":[{"href":"https:\/\/alkaline.lv\/en\/wp-json\/wp\/v2\/product"}],"about":[{"href":"https:\/\/alkaline.lv\/en\/wp-json\/wp\/v2\/types\/product"}],"wp:featuredmedia":[{"embeddable":true,"href":"https:\/\/alkaline.lv\/en\/wp-json\/wp\/v2\/media\/73677"}],"wp:attachment":[{"href":"https:\/\/alkaline.lv\/en\/wp-json\/wp\/v2\/media?parent=3398"}],"wp:term":[{"taxonomy":"product_cat","embeddable":true,"href":"https:\/\/alkaline.lv\/en\/wp-json\/wp\/v2\/product_cat?post=3398"},{"taxonomy":"product_tag","embeddable":true,"href":"https:\/\/alkaline.lv\/en\/wp-json\/wp\/v2\/product_tag?post=3398"}],"curies":[{"name":"wp","href":"https:\/\/api.w.org\/{rel}","templated":true}]}}