{"id":3449,"date":"2021-04-21T23:01:16","date_gmt":"2021-04-21T20:01:16","guid":{"rendered":"https:\/\/alkaline.lv\/?post_type=product&#038;p=3449"},"modified":"2024-02-17T13:41:56","modified_gmt":"2024-02-17T11:41:56","slug":"mape-registrs-esselte-vivida-no1-power-pp-a4-formats-50mm-zila","status":"publish","type":"product","link":"https:\/\/alkaline.lv\/en\/products\/mape-registrs-esselte-vivida-no1-power-pp-a4-formats-50mm-zila\/","title":{"rendered":"Mape-re\u0123istrs ESSELTE VIVIDA No1 Power PP A4 form\u0101ts, 50mm, zila"},"content":{"rendered":"<div class=\"item_meta\">\n<div class=\"prodview-info-about\">\n<div class=\"prodview-info-about\">\n<div class=\"prodview-info-about\">\n<div class=\"prodview-info-about\">\n<div class=\"prodview-info-about\">\n<div class=\"prodview-info-about\">\n<div class=\"prodview-info-about\">\n<div class=\"prodview-info-about\">\n<div class=\"prodview-info-about\">\n<div class=\"prodview-info-about\">\n<div class=\"prodview-info-about\">\n<div><\/div>\n<div class=\"prodview-info-about\">A4 form\u0101ts<br \/>\nMuguri\u0146as platums 50 mm<br \/>\nAugstas kvalit\u0101tes piespie\u0161anas meh\u0101nisms<br \/>\nApak\u0161\u0113j\u0101s malas un st\u016bri ar met\u0101la apdari<br \/>\nUz muguri\u0146as \u012bpa\u0161s caurums \u0113rt\u0101kai iz\u0146em\u0161anai no plaukta<br \/>\nIzgatavota no 70% otrreiz\u0113ji p\u0101rstr\u0101d\u0101t\u0101m izejviel\u0101m<br \/>\nIepakojum\u0101 10 gab.<\/div>\n<\/div>\n<\/div>\n<div class=\"prodview-info-about\">\n<div class=\"PRODUCT__actions\">\n<div class=\"PRODUCT__actions-item\"><\/div>\n<\/div>\n<\/div>\n<p>&nbsp;<\/p>\n<\/div>\n<\/div>\n<\/div>\n<\/div>\n<\/div>\n<\/div>\n<\/div>\n<\/div>\n<\/div>\n<\/div>\n","protected":false},"excerpt":{"rendered":"<p>A4 form\u0101ts Muguri\u0146as platums 50 mm Augstas kvalit\u0101tes piespie\u0161anas meh\u0101nisms Apak\u0161\u0113j\u0101s malas un st\u016bri ar met\u0101la apdari Uz muguri\u0146as \u012bpa\u0161s caurums \u0113rt\u0101kai iz\u0146em\u0161anai no plaukta Izgatavota no 70% otrreiz\u0113ji p\u0101rstr\u0101d\u0101t\u0101m izejviel\u0101m Iepakojum\u0101 10 gab. &nbsp;<\/p>\n","protected":false},"featured_media":3450,"template":"","meta":{"inline_featured_image":false},"product_cat":[216],"product_tag":[],"class_list":{"0":"post-3449","1":"product","2":"type-product","3":"status-publish","4":"has-post-thumbnail","6":"product_cat-mape-registrs-esselte-no1-power-pp-a4-formats-50mm","8":"first","9":"instock","10":"taxable","11":"shipping-taxable","12":"purchasable","13":"product-type-simple","14":"add-to-wishlist-after_add_to_cart"},"_links":{"self":[{"href":"https:\/\/alkaline.lv\/en\/wp-json\/wp\/v2\/product\/3449","targetHints":{"allow":["GET"]}}],"collection":[{"href":"https:\/\/alkaline.lv\/en\/wp-json\/wp\/v2\/product"}],"about":[{"href":"https:\/\/alkaline.lv\/en\/wp-json\/wp\/v2\/types\/product"}],"wp:featuredmedia":[{"embeddable":true,"href":"https:\/\/alkaline.lv\/en\/wp-json\/wp\/v2\/media\/3450"}],"wp:attachment":[{"href":"https:\/\/alkaline.lv\/en\/wp-json\/wp\/v2\/media?parent=3449"}],"wp:term":[{"taxonomy":"product_cat","embeddable":true,"href":"https:\/\/alkaline.lv\/en\/wp-json\/wp\/v2\/product_cat?post=3449"},{"taxonomy":"product_tag","embeddable":true,"href":"https:\/\/alkaline.lv\/en\/wp-json\/wp\/v2\/product_tag?post=3449"}],"curies":[{"name":"wp","href":"https:\/\/api.w.org\/{rel}","templated":true}]}}