{"id":3458,"date":"2021-04-21T23:19:44","date_gmt":"2021-04-21T20:19:44","guid":{"rendered":"https:\/\/alkaline.lv\/?post_type=product&#038;p=3458"},"modified":"2022-07-12T13:02:37","modified_gmt":"2022-07-12T10:02:37","slug":"mape-registrs-elba-strong-line-a4-formats-80mm-oranza","status":"publish","type":"product","link":"https:\/\/alkaline.lv\/en\/products\/mape-registrs-elba-strong-line-a4-formats-80mm-oranza\/","title":{"rendered":"Mape-re\u0123istrs ELBA Strong-Line, A4 form\u0101ts, 80mm, oran\u017ea"},"content":{"rendered":"<div class=\"item_meta\">\n<div class=\"prodview-info-about\">\n<div class=\"prodview-info-about\">\n<div class=\"prodview-info-about\">\n<div class=\"prodview-info-about\">\n<div class=\"prodview-info-about\">\n<div class=\"prodview-info-about\">\n<div class=\"prodview-info-about\">\n<div class=\"prodview-info-about\">\n<div class=\"prodview-info-about\">\n<div class=\"prodview-info-about\">\n<div class=\"prodview-info-about\">\n<div><\/div>\n<div class=\"prodview-info-about\">\n<div class=\"PRODUCT__description desc description\">\n<div id=\"product-7496f3718531fdd3ad5c608fce154747\">A4 form\u0101ts<br \/>\nAr piespie\u0161anas meh\u0101nismu<br \/>\nBez met\u0101la mali\u0146as, ar pastiprin\u0101tu apak\u0161\u0113jo da\u013cu<br \/>\nMuguri\u0146as platums 80 mm<br \/>\nPP materi\u0101la \u0101r\u0113j\u0101 un iek\u0161\u0113j\u0101 apdare<br \/>\nUz muguri\u0146as caursp\u012bd\u012bga kabati\u0146a ar nomain\u0101mu eti\u0137eti<\/div>\n<p>&nbsp;<\/p>\n<\/div>\n<div class=\"PRODUCT__actions\">\n<div class=\"PRODUCT__actions-item\"><\/div>\n<\/div>\n<\/div>\n<\/div>\n<\/div>\n<\/div>\n<\/div>\n<\/div>\n<\/div>\n<\/div>\n<\/div>\n<\/div>\n<\/div>\n<\/div>\n<\/div>\n","protected":false},"excerpt":{"rendered":"<div class=\"item_meta\">Cena ar PVN<span style=\"color: #ff0000;\"><strong> 4,66 \u20ac<\/strong><\/span><\/div>\n<div><\/div>\n","protected":false},"featured_media":3459,"template":"","meta":{"inline_featured_image":false},"product_cat":[220],"product_tag":[],"class_list":{"0":"post-3458","1":"product","2":"type-product","3":"status-publish","4":"has-post-thumbnail","6":"product_cat-mape-registrs-elba-strong-line-a4-formats-80mm","8":"first","9":"instock","10":"taxable","11":"shipping-taxable","12":"purchasable","13":"product-type-simple","14":"add-to-wishlist-after_add_to_cart"},"_links":{"self":[{"href":"https:\/\/alkaline.lv\/en\/wp-json\/wp\/v2\/product\/3458"}],"collection":[{"href":"https:\/\/alkaline.lv\/en\/wp-json\/wp\/v2\/product"}],"about":[{"href":"https:\/\/alkaline.lv\/en\/wp-json\/wp\/v2\/types\/product"}],"wp:featuredmedia":[{"embeddable":true,"href":"https:\/\/alkaline.lv\/en\/wp-json\/wp\/v2\/media\/3459"}],"wp:attachment":[{"href":"https:\/\/alkaline.lv\/en\/wp-json\/wp\/v2\/media?parent=3458"}],"wp:term":[{"taxonomy":"product_cat","embeddable":true,"href":"https:\/\/alkaline.lv\/en\/wp-json\/wp\/v2\/product_cat?post=3458"},{"taxonomy":"product_tag","embeddable":true,"href":"https:\/\/alkaline.lv\/en\/wp-json\/wp\/v2\/product_tag?post=3458"}],"curies":[{"name":"wp","href":"https:\/\/api.w.org\/{rel}","templated":true}]}}