{"id":3491,"date":"2021-04-23T00:04:53","date_gmt":"2021-04-22T21:04:53","guid":{"rendered":"https:\/\/alkaline.lv\/?post_type=product&#038;p=3491"},"modified":"2024-02-17T00:23:39","modified_gmt":"2024-02-16T22:23:39","slug":"mape-registrs-elba-strong-line-a4-formats-50mm-laima-krasa","status":"publish","type":"product","link":"https:\/\/alkaline.lv\/en\/products\/mape-registrs-elba-strong-line-a4-formats-50mm-laima-krasa\/","title":{"rendered":"Mape-re\u0123istrs ELBA Strong-Line, A4 form\u0101ts, 50mm, laima kr\u0101sa"},"content":{"rendered":"<div class=\"item_meta\">\n<div class=\"prodview-info-about\">\n<div class=\"prodview-info-about\">\n<div class=\"prodview-info-about\">\n<div class=\"prodview-info-about\">\n<div class=\"prodview-info-about\">\n<div class=\"prodview-info-about\">\n<div class=\"prodview-info-about\">\n<div class=\"prodview-info-about\">\n<div class=\"prodview-info-about\">\n<div class=\"prodview-info-about\">\n<div class=\"prodview-info-about\">\n<div><\/div>\n<div class=\"prodview-info-about\">\n<div class=\"PRODUCT__description desc description\">\n<div id=\"product-7496f3718531fdd3ad5c608fce154747\">A4 form\u0101ts<br \/>\nAr piespie\u0161anas meh\u0101nismu<\/div>\n<div>Bez met\u0101la mali\u0146as, ar pastiprin\u0101tu apak\u0161\u0113jo da\u013cu<br \/>\nMuguri\u0146as platums 50 mm<br \/>\nPP materi\u0101la \u0101r\u0113j\u0101 un iek\u0161\u0113j\u0101 apdare<br \/>\nUz muguri\u0146as caursp\u012bd\u012bga kabati\u0146a ar nomain\u0101mu eti\u0137eti<\/div>\n<p>&nbsp;<\/p>\n<\/div>\n<div class=\"PRODUCT__actions\">\n<div class=\"PRODUCT__actions-item\"><\/div>\n<\/div>\n<\/div>\n<\/div>\n<\/div>\n<\/div>\n<\/div>\n<\/div>\n<\/div>\n<\/div>\n<\/div>\n<\/div>\n<\/div>\n<\/div>\n<\/div>\n","protected":false},"excerpt":{"rendered":"<div class=\"item_meta\"><\/div>\n<div><\/div>\n","protected":false},"featured_media":3492,"template":"","meta":{"inline_featured_image":false},"product_cat":[221],"product_tag":[],"class_list":{"0":"post-3491","1":"product","2":"type-product","3":"status-publish","4":"has-post-thumbnail","6":"product_cat-mape-registrs-elba-strong-line-a4-formats-50mm","8":"first","9":"instock","10":"taxable","11":"shipping-taxable","12":"purchasable","13":"product-type-simple","14":"add-to-wishlist-after_add_to_cart"},"_links":{"self":[{"href":"https:\/\/alkaline.lv\/en\/wp-json\/wp\/v2\/product\/3491"}],"collection":[{"href":"https:\/\/alkaline.lv\/en\/wp-json\/wp\/v2\/product"}],"about":[{"href":"https:\/\/alkaline.lv\/en\/wp-json\/wp\/v2\/types\/product"}],"wp:featuredmedia":[{"embeddable":true,"href":"https:\/\/alkaline.lv\/en\/wp-json\/wp\/v2\/media\/3492"}],"wp:attachment":[{"href":"https:\/\/alkaline.lv\/en\/wp-json\/wp\/v2\/media?parent=3491"}],"wp:term":[{"taxonomy":"product_cat","embeddable":true,"href":"https:\/\/alkaline.lv\/en\/wp-json\/wp\/v2\/product_cat?post=3491"},{"taxonomy":"product_tag","embeddable":true,"href":"https:\/\/alkaline.lv\/en\/wp-json\/wp\/v2\/product_tag?post=3491"}],"curies":[{"name":"wp","href":"https:\/\/api.w.org\/{rel}","templated":true}]}}