{"id":3514,"date":"2021-04-25T11:33:37","date_gmt":"2021-04-25T08:33:37","guid":{"rendered":"https:\/\/alkaline.lv\/?post_type=product&#038;p=3514"},"modified":"2024-02-17T14:02:34","modified_gmt":"2024-02-17T12:02:34","slug":"mape-registrs-eller-a4-formats-75-mm-apakseja-mala-ar-metalu-oranza","status":"publish","type":"product","link":"https:\/\/alkaline.lv\/en\/products\/mape-registrs-eller-a4-formats-75-mm-apakseja-mala-ar-metalu-oranza\/","title":{"rendered":"Mape-re\u0123istrs ELLER A4 form\u0101ts, 75 mm, oran\u017ea"},"content":{"rendered":"<div class=\"item_meta\">\n<div class=\"prodview-info-about\">\n<div class=\"prodview-info-about\">\n<div class=\"prodview-info-about\">\n<div class=\"prodview-info-about\">\n<div class=\"prodview-info-about\">\n<div class=\"prodview-info-about\">\n<div class=\"prodview-info-about\">\n<div class=\"prodview-info-about\">\n<div class=\"prodview-info-about\">\n<div class=\"prodview-info-about\">\n<div class=\"prodview-info-about\">\n<div><\/div>\n<div class=\"prodview-info-about\">\n<div class=\"PRODUCT__description desc description\">\n<div id=\"product-7496f3718531fdd3ad5c608fce154747\">A4 form\u0101ts<br \/>\nAr piespie\u0161anas meh\u0101nismu<br \/>\nApak\u0161\u0113j\u0101 mala ar met\u0101lu<br \/>\nMuguri\u0146as platums 75 mm<br \/>\nPlastik\u0101ta apdare<br \/>\nUz muguri\u0146as caursp\u012bd\u012bga kabati\u0146a ar nomain\u0101mu eti\u0137eti<\/div>\n<p>&nbsp;<\/p>\n<\/div>\n<div class=\"PRODUCT__actions\">\n<div class=\"PRODUCT__actions-item\"><\/div>\n<\/div>\n<\/div>\n<\/div>\n<\/div>\n<\/div>\n<\/div>\n<\/div>\n<\/div>\n<\/div>\n<\/div>\n<\/div>\n<\/div>\n<\/div>\n<\/div>\n","protected":false},"excerpt":{"rendered":"<p>A4 form\u0101ts Ar piespie\u0161anas meh\u0101nismu Apak\u0161\u0113j\u0101 mala ar met\u0101lu Muguri\u0146as platums 75 mm Plastik\u0101ta apdare Uz muguri\u0146as caursp\u012bd\u012bga kabati\u0146a ar nomain\u0101mu eti\u0137eti &nbsp;<\/p>\n","protected":false},"featured_media":3515,"template":"","meta":{"inline_featured_image":false},"product_cat":[223],"product_tag":[],"class_list":{"0":"post-3514","1":"product","2":"type-product","3":"status-publish","4":"has-post-thumbnail","6":"product_cat-mape-registrs-eller-a4-formats-75-mm-apakseja-mala-ar-metalu","8":"first","9":"instock","10":"taxable","11":"shipping-taxable","12":"purchasable","13":"product-type-simple","14":"add-to-wishlist-after_add_to_cart"},"_links":{"self":[{"href":"https:\/\/alkaline.lv\/en\/wp-json\/wp\/v2\/product\/3514"}],"collection":[{"href":"https:\/\/alkaline.lv\/en\/wp-json\/wp\/v2\/product"}],"about":[{"href":"https:\/\/alkaline.lv\/en\/wp-json\/wp\/v2\/types\/product"}],"wp:featuredmedia":[{"embeddable":true,"href":"https:\/\/alkaline.lv\/en\/wp-json\/wp\/v2\/media\/3515"}],"wp:attachment":[{"href":"https:\/\/alkaline.lv\/en\/wp-json\/wp\/v2\/media?parent=3514"}],"wp:term":[{"taxonomy":"product_cat","embeddable":true,"href":"https:\/\/alkaline.lv\/en\/wp-json\/wp\/v2\/product_cat?post=3514"},{"taxonomy":"product_tag","embeddable":true,"href":"https:\/\/alkaline.lv\/en\/wp-json\/wp\/v2\/product_tag?post=3514"}],"curies":[{"name":"wp","href":"https:\/\/api.w.org\/{rel}","templated":true}]}}