{"id":3531,"date":"2021-04-25T13:28:21","date_gmt":"2021-04-25T10:28:21","guid":{"rendered":"https:\/\/alkaline.lv\/?post_type=product&#038;p=3531"},"modified":"2024-02-17T14:07:13","modified_gmt":"2024-02-17T12:07:13","slug":"mape-registrs-eller-a4-formats-50mm-zila","status":"publish","type":"product","link":"https:\/\/alkaline.lv\/en\/products\/mape-registrs-eller-a4-formats-50mm-zila\/","title":{"rendered":"Mape-re\u0123istrs ELLER A4 form\u0101ts, 50mm, zila"},"content":{"rendered":"<div class=\"item_meta\">\n<div class=\"prodview-info-about\">\n<div class=\"prodview-info-about\">\n<div class=\"prodview-info-about\">\n<div class=\"prodview-info-about\">\n<div class=\"prodview-info-about\">\n<div class=\"prodview-info-about\">\n<div class=\"prodview-info-about\">\n<div class=\"prodview-info-about\">\n<div class=\"prodview-info-about\">\n<div class=\"prodview-info-about\">\n<div class=\"prodview-info-about\">\n<div><\/div>\n<div class=\"prodview-info-about\">\n<div class=\"PRODUCT__description desc description\">\n<div id=\"product-7496f3718531fdd3ad5c608fce154747\">\n<div class=\"PRODUCT__description desc description\">\n<div id=\"product-d0874d3c1a741325481185ae03ba0731\">A4 form\u0101ts<br \/>\nAr piespie\u0161anas meh\u0101nismu<br \/>\nApak\u0161\u0113j\u0101 mala ar met\u0101lu<\/div>\n<div>Muguri\u0146as platums 50 mm<br \/>\nPlastik\u0101ta apdare<br \/>\nUz muguri\u0146as caursp\u012bd\u012bga kabati\u0146a ar nomain\u0101mu eti\u0137eti<\/div>\n<p>&nbsp;<\/p>\n<\/div>\n<div class=\"PRODUCT__actions\">\n<div class=\"PRODUCT__actions-item\"><\/div>\n<\/div>\n<\/div>\n<p>&nbsp;<\/p>\n<\/div>\n<div class=\"PRODUCT__actions\">\n<div class=\"PRODUCT__actions-item\"><\/div>\n<\/div>\n<\/div>\n<\/div>\n<\/div>\n<\/div>\n<\/div>\n<\/div>\n<\/div>\n<\/div>\n<\/div>\n<\/div>\n<\/div>\n<\/div>\n<\/div>\n","protected":false},"excerpt":{"rendered":"<div class=\"item_meta\"><\/div>\n<div><\/div>\n","protected":false},"featured_media":3532,"template":"","meta":{"inline_featured_image":false},"product_cat":[224],"product_tag":[],"class_list":{"0":"post-3531","1":"product","2":"type-product","3":"status-publish","4":"has-post-thumbnail","6":"product_cat-mape-registrs-eller-a4-formats-50mm-apakseja-mala-ar-metalu","8":"first","9":"instock","10":"taxable","11":"shipping-taxable","12":"purchasable","13":"product-type-simple","14":"add-to-wishlist-after_add_to_cart"},"_links":{"self":[{"href":"https:\/\/alkaline.lv\/en\/wp-json\/wp\/v2\/product\/3531"}],"collection":[{"href":"https:\/\/alkaline.lv\/en\/wp-json\/wp\/v2\/product"}],"about":[{"href":"https:\/\/alkaline.lv\/en\/wp-json\/wp\/v2\/types\/product"}],"wp:featuredmedia":[{"embeddable":true,"href":"https:\/\/alkaline.lv\/en\/wp-json\/wp\/v2\/media\/3532"}],"wp:attachment":[{"href":"https:\/\/alkaline.lv\/en\/wp-json\/wp\/v2\/media?parent=3531"}],"wp:term":[{"taxonomy":"product_cat","embeddable":true,"href":"https:\/\/alkaline.lv\/en\/wp-json\/wp\/v2\/product_cat?post=3531"},{"taxonomy":"product_tag","embeddable":true,"href":"https:\/\/alkaline.lv\/en\/wp-json\/wp\/v2\/product_tag?post=3531"}],"curies":[{"name":"wp","href":"https:\/\/api.w.org\/{rel}","templated":true}]}}