{"id":3549,"date":"2021-04-25T13:37:47","date_gmt":"2021-04-25T10:37:47","guid":{"rendered":"https:\/\/alkaline.lv\/?post_type=product&#038;p=3549"},"modified":"2022-11-16T10:49:08","modified_gmt":"2022-11-16T08:49:08","slug":"atkr-kaste-50l-fantasy-balta","status":"publish","type":"product","link":"https:\/\/alkaline.lv\/en\/products\/atkr-kaste-50l-fantasy-balta\/","title":{"rendered":"Atkr. kaste 50L FANTASY balta"},"content":{"rendered":"<div class=\"item_meta\">\n<div class=\"prodview-info-about\">\n<div class=\"prodview-info-about\">\n<div class=\"prodview-info-about\">\n<div class=\"prodview-info-about\">\n<div class=\"prodview-info-about\">\n<div class=\"prodview-info-about\">\n<div class=\"prodview-info-about\">\n<div class=\"prodview-info-about\">\n<div class=\"prodview-info-about\">\n<div class=\"prodview-info-about\">\n<div class=\"prodview-info-about\">Dunyaplastik (Turcija)<br \/>\nIzm\u0113rs: 69x44x34 cm<br \/>\nTilpums: 50L<br \/>\nMateri\u0101ls: Plastmasa<br \/>\nRa\u017eots: Turcij\u0101<\/div>\n<\/div>\n<div class=\"prodview-info-about\"><\/div>\n<p>&nbsp;<\/p>\n<\/div>\n<\/div>\n<\/div>\n<\/div>\n<\/div>\n<\/div>\n<\/div>\n<\/div>\n<\/div>\n<\/div>\n","protected":false},"excerpt":{"rendered":"<p>Dunyaplastik (Turcija) Izm\u0113rs: 69x44x34 cm Tilpums: 50L Materi\u0101ls: Plastmasa Ra\u017eots: Turcij\u0101 &nbsp;<\/p>\n","protected":false},"featured_media":3554,"template":"","meta":{"inline_featured_image":false},"product_cat":[192],"product_tag":[],"class_list":{"0":"post-3549","1":"product","2":"type-product","3":"status-publish","4":"has-post-thumbnail","6":"product_cat-35l-50l","8":"first","9":"instock","10":"taxable","11":"shipping-taxable","12":"purchasable","13":"product-type-simple","14":"add-to-wishlist-after_add_to_cart"},"_links":{"self":[{"href":"https:\/\/alkaline.lv\/en\/wp-json\/wp\/v2\/product\/3549"}],"collection":[{"href":"https:\/\/alkaline.lv\/en\/wp-json\/wp\/v2\/product"}],"about":[{"href":"https:\/\/alkaline.lv\/en\/wp-json\/wp\/v2\/types\/product"}],"wp:featuredmedia":[{"embeddable":true,"href":"https:\/\/alkaline.lv\/en\/wp-json\/wp\/v2\/media\/3554"}],"wp:attachment":[{"href":"https:\/\/alkaline.lv\/en\/wp-json\/wp\/v2\/media?parent=3549"}],"wp:term":[{"taxonomy":"product_cat","embeddable":true,"href":"https:\/\/alkaline.lv\/en\/wp-json\/wp\/v2\/product_cat?post=3549"},{"taxonomy":"product_tag","embeddable":true,"href":"https:\/\/alkaline.lv\/en\/wp-json\/wp\/v2\/product_tag?post=3549"}],"curies":[{"name":"wp","href":"https:\/\/api.w.org\/{rel}","templated":true}]}}