{"id":3564,"date":"2021-04-25T14:18:27","date_gmt":"2021-04-25T11:18:27","guid":{"rendered":"https:\/\/alkaline.lv\/?post_type=product&#038;p=3564"},"modified":"2022-11-19T14:07:35","modified_gmt":"2022-11-19T12:07:35","slug":"kabata-dokumentiem-bantex-a4-glanceta-40mic-100-gab-iepak","status":"publish","type":"product","link":"https:\/\/alkaline.lv\/en\/products\/kabata-dokumentiem-bantex-a4-glanceta-40mic-100-gab-iepak\/","title":{"rendered":"Kabata dokumentiem BANTEX A4 glanc\u0113ta, 40mic, 100 gab.\/iepak."},"content":{"rendered":"<div class=\"item_meta\">\n<div class=\"prodview-info-about\">\n<div class=\"prodview-info-about\">\n<div class=\"prodview-info-about\">\n<div class=\"prodview-info-about\">\n<div class=\"prodview-info-about\">\n<div class=\"prodview-info-about\">\n<div class=\"prodview-info-about\">\n<div class=\"prodview-info-about\">\n<div class=\"prodview-info-about\">\n<div class=\"prodview-info-about\">\n<div class=\"prodview-info-about\">\n<div>Caursp\u012bd\u012bgas biezums 40 mkr va\u013c\u0113ja aug\u0161mala, univers\u0101la perfor\u0101cija<br \/>\nIzgatavotas no polipropil\u0113na<br \/>\nIepakojum\u0101 100 kabatas<\/div>\n<div class=\"prodview-info-about\">\n<div class=\"PRODUCT__description desc description\">\n<p>&nbsp;<\/p>\n<\/div>\n<div class=\"PRODUCT__actions\">\n<div class=\"PRODUCT__actions-item\"><\/div>\n<\/div>\n<\/div>\n<\/div>\n<\/div>\n<\/div>\n<\/div>\n<\/div>\n<\/div>\n<\/div>\n<\/div>\n<\/div>\n<\/div>\n<\/div>\n<\/div>\n","protected":false},"excerpt":{"rendered":"<p>Caursp\u012bd\u012bgas biezums 40 mkr va\u013c\u0113ja aug\u0161mala, univers\u0101la perfor\u0101cija Izgatavotas no polipropil\u0113na Iepakojum\u0101 100 kabatas &nbsp;<\/p>\n","protected":false},"featured_media":3565,"template":"","meta":{"inline_featured_image":false},"product_cat":[225],"product_tag":[],"class_list":{"0":"post-3564","1":"product","2":"type-product","3":"status-publish","4":"has-post-thumbnail","6":"product_cat-dokumentu-kabatinas","8":"first","9":"instock","10":"taxable","11":"shipping-taxable","12":"purchasable","13":"product-type-simple","14":"add-to-wishlist-after_add_to_cart"},"_links":{"self":[{"href":"https:\/\/alkaline.lv\/en\/wp-json\/wp\/v2\/product\/3564"}],"collection":[{"href":"https:\/\/alkaline.lv\/en\/wp-json\/wp\/v2\/product"}],"about":[{"href":"https:\/\/alkaline.lv\/en\/wp-json\/wp\/v2\/types\/product"}],"wp:featuredmedia":[{"embeddable":true,"href":"https:\/\/alkaline.lv\/en\/wp-json\/wp\/v2\/media\/3565"}],"wp:attachment":[{"href":"https:\/\/alkaline.lv\/en\/wp-json\/wp\/v2\/media?parent=3564"}],"wp:term":[{"taxonomy":"product_cat","embeddable":true,"href":"https:\/\/alkaline.lv\/en\/wp-json\/wp\/v2\/product_cat?post=3564"},{"taxonomy":"product_tag","embeddable":true,"href":"https:\/\/alkaline.lv\/en\/wp-json\/wp\/v2\/product_tag?post=3564"}],"curies":[{"name":"wp","href":"https:\/\/api.w.org\/{rel}","templated":true}]}}