{"id":3590,"date":"2021-04-25T21:14:42","date_gmt":"2021-04-25T18:14:42","guid":{"rendered":"https:\/\/alkaline.lv\/?post_type=product&#038;p=3590"},"modified":"2022-11-20T21:43:22","modified_gmt":"2022-11-20T19:43:22","slug":"trauku-svammes-2gab-10x8x2cm","status":"publish","type":"product","link":"https:\/\/alkaline.lv\/en\/products\/trauku-svammes-2gab-10x8x2cm\/","title":{"rendered":"Trauku \u0161vammes 2gab 10x8x2cm"},"content":{"rendered":"<div class=\"item_meta\">\n<div class=\"prodview-info-about\">\n<div class=\"prodview-info-about\">&#8220;TORO&#8221;\u0160vamm\u012btes izm\u0113rs: 10x8x2.3cm<\/div>\n<div class=\"prodview-info-about\">Iesai\u0146ojum\u0101: 2 gab.<br \/>\nIesai\u0146ojuma izm\u0113rs: 10x8x5.5cm<\/div>\n<p>Ra\u017eots: \u010cehij\u0101<\/p>\n<\/div>\n<\/div>\n","protected":false},"excerpt":{"rendered":"<div class=\"item_meta\"><\/div>\n<div><\/div>\n","protected":false},"featured_media":3591,"template":"","meta":{"inline_featured_image":false},"product_cat":[66,114,232],"product_tag":[],"class_list":{"0":"post-3590","1":"product","2":"type-product","3":"status-publish","4":"has-post-thumbnail","6":"product_cat-uzkopsanas-inventars","7":"product_cat-sukli-un-abrazivi","8":"product_cat-sukli","10":"first","11":"instock","12":"taxable","13":"shipping-taxable","14":"purchasable","15":"product-type-simple","16":"add-to-wishlist-after_add_to_cart"},"_links":{"self":[{"href":"https:\/\/alkaline.lv\/en\/wp-json\/wp\/v2\/product\/3590"}],"collection":[{"href":"https:\/\/alkaline.lv\/en\/wp-json\/wp\/v2\/product"}],"about":[{"href":"https:\/\/alkaline.lv\/en\/wp-json\/wp\/v2\/types\/product"}],"wp:featuredmedia":[{"embeddable":true,"href":"https:\/\/alkaline.lv\/en\/wp-json\/wp\/v2\/media\/3591"}],"wp:attachment":[{"href":"https:\/\/alkaline.lv\/en\/wp-json\/wp\/v2\/media?parent=3590"}],"wp:term":[{"taxonomy":"product_cat","embeddable":true,"href":"https:\/\/alkaline.lv\/en\/wp-json\/wp\/v2\/product_cat?post=3590"},{"taxonomy":"product_tag","embeddable":true,"href":"https:\/\/alkaline.lv\/en\/wp-json\/wp\/v2\/product_tag?post=3590"}],"curies":[{"name":"wp","href":"https:\/\/api.w.org\/{rel}","templated":true}]}}