{"id":3608,"date":"2021-04-26T20:14:42","date_gmt":"2021-04-26T17:14:42","guid":{"rendered":"https:\/\/alkaline.lv\/?post_type=product&#038;p=3608"},"modified":"2022-11-20T21:38:28","modified_gmt":"2022-11-20T19:38:28","slug":"trauku-svamme-ar-spidigu-abrazivu","status":"publish","type":"product","link":"https:\/\/alkaline.lv\/en\/products\/trauku-svamme-ar-spidigu-abrazivu\/","title":{"rendered":"Trauku \u0161vamme ar sp\u012bd\u012bgu abraz\u012bvu"},"content":{"rendered":"<div class=\"item_meta\">\n<div class=\"prodview-info-about\">\n<div class=\"prodview-info-about\">\n<div class=\"prodview-info-about\">\n<div class=\"prodview-info-about\">\n<div class=\"prodview-info-about\">\n<div class=\"prodview-info-about\">\n<div class=\"prodview-info-about\">\n<div class=\"prodview-info-about\">\n<div class=\"prodview-info-about\">&#8220;Kendo&#8221;<br \/>\nTrauku \u0161vamme ar sp\u012bd\u012bgu abraz\u012bvu(plastmasas)<br \/>\n\u0160vammes izm\u0113rs: 11.5x8x3cm<br \/>\nIesai\u0146ojum\u0101: 1 gab<br \/>\nIesai\u0146ojuma izm\u0113rs: 11.5x8x3cm<\/div>\n<div class=\"prodview-info-about\">Ra\u017eots: Serbij\u0101<\/div>\n<\/div>\n<\/div>\n<\/div>\n<\/div>\n<\/div>\n<\/div>\n<\/div>\n<\/div>\n<\/div>\n","protected":false},"excerpt":{"rendered":"<div class=\"item_meta\"><\/div>\n<div><\/div>\n","protected":false},"featured_media":3609,"template":"","meta":{"inline_featured_image":false},"product_cat":[66,114,230],"product_tag":[],"class_list":{"0":"post-3608","1":"product","2":"type-product","3":"status-publish","4":"has-post-thumbnail","6":"product_cat-uzkopsanas-inventars","7":"product_cat-sukli-un-abrazivi","8":"product_cat-svammes","10":"first","11":"instock","12":"taxable","13":"shipping-taxable","14":"purchasable","15":"product-type-simple","16":"add-to-wishlist-after_add_to_cart"},"_links":{"self":[{"href":"https:\/\/alkaline.lv\/en\/wp-json\/wp\/v2\/product\/3608"}],"collection":[{"href":"https:\/\/alkaline.lv\/en\/wp-json\/wp\/v2\/product"}],"about":[{"href":"https:\/\/alkaline.lv\/en\/wp-json\/wp\/v2\/types\/product"}],"wp:featuredmedia":[{"embeddable":true,"href":"https:\/\/alkaline.lv\/en\/wp-json\/wp\/v2\/media\/3609"}],"wp:attachment":[{"href":"https:\/\/alkaline.lv\/en\/wp-json\/wp\/v2\/media?parent=3608"}],"wp:term":[{"taxonomy":"product_cat","embeddable":true,"href":"https:\/\/alkaline.lv\/en\/wp-json\/wp\/v2\/product_cat?post=3608"},{"taxonomy":"product_tag","embeddable":true,"href":"https:\/\/alkaline.lv\/en\/wp-json\/wp\/v2\/product_tag?post=3608"}],"curies":[{"name":"wp","href":"https:\/\/api.w.org\/{rel}","templated":true}]}}