{"id":3741,"date":"2021-05-03T16:35:32","date_gmt":"2021-05-03T13:35:32","guid":{"rendered":"https:\/\/alkaline.lv\/?post_type=product&#038;p=3741"},"modified":"2023-11-08T17:08:04","modified_gmt":"2023-11-08T15:08:04","slug":"gaisa-atsvaidzinatajs-simply-theraphy-apple-300ml","status":"publish","type":"product","link":"https:\/\/alkaline.lv\/en\/products\/gaisa-atsvaidzinatajs-simply-theraphy-apple-300ml\/","title":{"rendered":"Gaisa atsvaidzin\u0101t\u0101js SIMPLY THERAPHY, Apple 300ml"},"content":{"rendered":"<div class=\"simple-content\">\n<ul id=\"product-description\">\n<li>Gaisa atsvaidzin\u0101t\u0101js aerosola veid\u0101, tilpums 300 ml<\/li>\n<li>Lielaj\u0101 iepakojum\u0101 24 gab.<\/li>\n<\/ul>\n<\/div>\n","protected":false},"excerpt":{"rendered":"<div class=\"item_meta\"><\/div>\n<div><\/div>\n","protected":false},"featured_media":3742,"template":"","meta":{"inline_featured_image":false},"product_cat":[237],"product_tag":[],"class_list":{"0":"post-3741","1":"product","2":"type-product","3":"status-publish","4":"has-post-thumbnail","6":"product_cat-izsmidzinamie-gaisa-atsvaidzinataji","8":"first","9":"instock","10":"taxable","11":"shipping-taxable","12":"purchasable","13":"product-type-simple","14":"add-to-wishlist-after_add_to_cart"},"_links":{"self":[{"href":"https:\/\/alkaline.lv\/en\/wp-json\/wp\/v2\/product\/3741"}],"collection":[{"href":"https:\/\/alkaline.lv\/en\/wp-json\/wp\/v2\/product"}],"about":[{"href":"https:\/\/alkaline.lv\/en\/wp-json\/wp\/v2\/types\/product"}],"wp:featuredmedia":[{"embeddable":true,"href":"https:\/\/alkaline.lv\/en\/wp-json\/wp\/v2\/media\/3742"}],"wp:attachment":[{"href":"https:\/\/alkaline.lv\/en\/wp-json\/wp\/v2\/media?parent=3741"}],"wp:term":[{"taxonomy":"product_cat","embeddable":true,"href":"https:\/\/alkaline.lv\/en\/wp-json\/wp\/v2\/product_cat?post=3741"},{"taxonomy":"product_tag","embeddable":true,"href":"https:\/\/alkaline.lv\/en\/wp-json\/wp\/v2\/product_tag?post=3741"}],"curies":[{"name":"wp","href":"https:\/\/api.w.org\/{rel}","templated":true}]}}