{"id":3774,"date":"2021-05-03T18:21:20","date_gmt":"2021-05-03T15:21:20","guid":{"rendered":"https:\/\/alkaline.lv\/?post_type=product&#038;p=3774"},"modified":"2022-11-07T19:57:45","modified_gmt":"2022-11-07T17:57:45","slug":"kokvilnas-trikotazas-cimdi-vienpus-punkt","status":"publish","type":"product","link":"https:\/\/alkaline.lv\/en\/products\/kokvilnas-trikotazas-cimdi-vienpus-punkt\/","title":{"rendered":"Kokvilnas trikot\u0101\u017eas cimdi\/vienpus.punkt."},"content":{"rendered":"<div class=\"item_meta\">\n<div class=\"prodview-info-about\">\n<div class=\"prodview-info-about\">\n<div class=\"prodview-info-about\">\n<div class=\"prodview-info-about\">\n<div class=\"prodview-info-about\">\n<div class=\"prodview-info-about\">\n<div class=\"prodview-info-about\">\n<div class=\"prodview-info-about\">\n<div class=\"prodview-info-about\">\n<div class=\"prodview-info-about\">\n<div class=\"prodview-info-about\">\n<div class=\"prodview-info-about\">\n<div class=\"prodview-info-about\">Kokvilnas trikot\u0101\u017eas cimdi<\/div>\n<div class=\"prodview-info-about\">ar mikropunkt\u0113jumu plaukstas da\u013c\u0101.<\/div>\n<div class=\"prodview-info-about\">Izm\u0113rs: L<br \/>\nIzm\u0113rs: 23x14cm<br \/>\nSvars: 60 g<\/div>\n<div class=\"prodview-info-about\">CE sertific\u0113ti<br \/>\nRa\u017eots: \u0136\u012bn\u0101<\/div>\n<\/div>\n<\/div>\n<div class=\"prodview-info-about\"><\/div>\n<\/div>\n<\/div>\n<\/div>\n<\/div>\n<\/div>\n<\/div>\n<\/div>\n<\/div>\n<\/div>\n<\/div>\n<\/div>\n","protected":false},"excerpt":{"rendered":"<div class=\"item_meta\"><\/div>\n<div><\/div>\n","protected":false},"featured_media":3778,"template":"","meta":{"inline_featured_image":false},"product_cat":[68,115,116],"product_tag":[],"class_list":{"0":"post-3774","1":"product","2":"type-product","3":"status-publish","4":"has-post-thumbnail","6":"product_cat-individualie-aizsardzibas-lidzekli","7":"product_cat-cimdi","8":"product_cat-kokvilnas-un-darba-cimdi","10":"first","11":"instock","12":"taxable","13":"shipping-taxable","14":"purchasable","15":"product-type-simple","16":"add-to-wishlist-after_add_to_cart"},"_links":{"self":[{"href":"https:\/\/alkaline.lv\/en\/wp-json\/wp\/v2\/product\/3774"}],"collection":[{"href":"https:\/\/alkaline.lv\/en\/wp-json\/wp\/v2\/product"}],"about":[{"href":"https:\/\/alkaline.lv\/en\/wp-json\/wp\/v2\/types\/product"}],"wp:featuredmedia":[{"embeddable":true,"href":"https:\/\/alkaline.lv\/en\/wp-json\/wp\/v2\/media\/3778"}],"wp:attachment":[{"href":"https:\/\/alkaline.lv\/en\/wp-json\/wp\/v2\/media?parent=3774"}],"wp:term":[{"taxonomy":"product_cat","embeddable":true,"href":"https:\/\/alkaline.lv\/en\/wp-json\/wp\/v2\/product_cat?post=3774"},{"taxonomy":"product_tag","embeddable":true,"href":"https:\/\/alkaline.lv\/en\/wp-json\/wp\/v2\/product_tag?post=3774"}],"curies":[{"name":"wp","href":"https:\/\/api.w.org\/{rel}","templated":true}]}}