{"id":3797,"date":"2021-05-03T18:44:05","date_gmt":"2021-05-03T15:44:05","guid":{"rendered":"https:\/\/alkaline.lv\/?post_type=product&#038;p=3797"},"modified":"2022-11-07T21:18:22","modified_gmt":"2022-11-07T19:18:22","slug":"nitrila-darba-cimdi-zili-l-izmers","status":"publish","type":"product","link":"https:\/\/alkaline.lv\/en\/products\/nitrila-darba-cimdi-zili-l-izmers\/","title":{"rendered":"Nitrila darba cimdi\/zili\/L izm\u0113rs"},"content":{"rendered":"<div class=\"item_meta\">\n<div class=\"prodview-info-about\">\n<div class=\"prodview-info-about\">\n<div class=\"prodview-info-about\">\n<div class=\"prodview-info-about\">\n<div class=\"prodview-info-about\">\n<div class=\"prodview-info-about\">\n<div class=\"prodview-info-about\">\n<div class=\"prodview-info-about\">\n<div class=\"prodview-info-about\">\n<div class=\"prodview-info-about\">\n<div class=\"prodview-info-about\">\n<div class=\"prodview-info-about\">\n<div class=\"prodview-info-about\">\n<div class=\"prodview-info-about\">\n<div class=\"prodview-info-about\">\n<div class=\"prodview-info-about\">\n<div class=\"prodview-info-about\">Nitrila d\u0101rza cimdi<\/div>\n<div class=\"prodview-info-about\">Iztur\u012bgi cimdi d\u0101rzam un citiem darbiem<br \/>\nIzm\u0113rs: 24 x14cm, L<\/div>\n<div class=\"prodview-info-about\">Svars: 42 g<br \/>\nRa\u017eots: \u0136\u012bn\u0101<\/div>\n<div class=\"prodview-info-about\"><\/div>\n<\/div>\n<div class=\"prodview-info-about\"><\/div>\n<\/div>\n<\/div>\n<\/div>\n<\/div>\n<\/div>\n<\/div>\n<\/div>\n<\/div>\n<\/div>\n<\/div>\n<\/div>\n<\/div>\n<\/div>\n<\/div>\n<\/div>\n<\/div>\n","protected":false},"excerpt":{"rendered":"<div class=\"item_meta\"><\/div>\n<div><\/div>\n","protected":false},"featured_media":3798,"template":"","meta":{"inline_featured_image":false},"product_cat":[115,68,116],"product_tag":[],"class_list":{"0":"post-3797","1":"product","2":"type-product","3":"status-publish","4":"has-post-thumbnail","6":"product_cat-cimdi","7":"product_cat-individualie-aizsardzibas-lidzekli","8":"product_cat-kokvilnas-un-darba-cimdi","10":"first","11":"instock","12":"taxable","13":"shipping-taxable","14":"purchasable","15":"product-type-simple","16":"add-to-wishlist-after_add_to_cart"},"_links":{"self":[{"href":"https:\/\/alkaline.lv\/en\/wp-json\/wp\/v2\/product\/3797","targetHints":{"allow":["GET"]}}],"collection":[{"href":"https:\/\/alkaline.lv\/en\/wp-json\/wp\/v2\/product"}],"about":[{"href":"https:\/\/alkaline.lv\/en\/wp-json\/wp\/v2\/types\/product"}],"wp:featuredmedia":[{"embeddable":true,"href":"https:\/\/alkaline.lv\/en\/wp-json\/wp\/v2\/media\/3798"}],"wp:attachment":[{"href":"https:\/\/alkaline.lv\/en\/wp-json\/wp\/v2\/media?parent=3797"}],"wp:term":[{"taxonomy":"product_cat","embeddable":true,"href":"https:\/\/alkaline.lv\/en\/wp-json\/wp\/v2\/product_cat?post=3797"},{"taxonomy":"product_tag","embeddable":true,"href":"https:\/\/alkaline.lv\/en\/wp-json\/wp\/v2\/product_tag?post=3797"}],"curies":[{"name":"wp","href":"https:\/\/api.w.org\/{rel}","templated":true}]}}