{"id":3805,"date":"2021-05-03T18:54:01","date_gmt":"2021-05-03T15:54:01","guid":{"rendered":"https:\/\/alkaline.lv\/?post_type=product&#038;p=3805"},"modified":"2023-03-17T15:04:35","modified_gmt":"2023-03-17T13:04:35","slug":"pisuara-ieliktnis-60day-blue-fresh-ekcoscreen","status":"publish","type":"product","link":"https:\/\/alkaline.lv\/en\/products\/pisuara-ieliktnis-60day-blue-fresh-ekcoscreen\/","title":{"rendered":"Pisu\u0101ra ieliktnis 60+Day Blue Fresh ekcoscreen"},"content":{"rendered":"<div class=\"simple-content\">\n<div class=\"simple-content\">\n<div class=\"simple-content\">\n<div class=\"simple-content\">\n<div class=\"simple-content\">\n<div class=\"simple-content\">\n<div class=\"item-long-desc\">\n<p><strong>Pisu\u0101ra ieliktnis 60+Day Blue Fresh ekcoscreen<\/strong><\/p>\n<p>Gumijas V veida pisu\u0101ra ieliktnis. Gumija ir bieza \u2013 ilgsto\u0161i svaigs arom\u0101ts. Sieti\u0146\u0161 ir bl\u012bvs, t\u0101dej\u0101di ne\u013caujot gru\u017eiem iek\u013c\u016bt caurul\u0113. Neskatoties uz bl\u012bvo sieti\u0146u, taj\u0101 tom\u0113r ir pietiekami daudz vienm\u0113r\u012bgi izvietoti caurumi un gari sari\u0146i, t\u0101dej\u0101di ne\u013caujot veidoties \u0161\u013cakat\u0101m, kas iev\u0113rojami uzlabo kop\u0113jo sanit\u0101ro st\u0101vokli pisu\u0101r\u0101 un telp\u0101. Pat\u012bkams svaigs arom\u0101ts. Lieliski piem\u0113rots risin\u0101jums bez\u016bdens pisu\u0101riem. Arom\u0101ta iedarb\u012bba l\u012bdz 60 dien\u0101m.<\/p>\n<p>Ekcos str\u0101vas ekr\u0101ns ir lieliska izv\u0113le jaud\u012bgai aizsardz\u012bbai pie pisu\u0101ra. Patent\u0113ta aizz\u012bmogotu saru tehnolo\u0123ija pal\u012bdz nov\u0113rst ur\u012bna iz\u0161\u013cakst\u012b\u0161anos. Pal\u012bdz aizsarg\u0101t gr\u012bdu un mazin\u0101t smaku. Iev\u0113rojami samazina mikrobu izplat\u012bbu vis\u0101 objekt\u0101.<\/p>\n<p>Sp\u0113c\u012bgu aizsardz\u012bbu nodro\u0161ina iztur\u012bgi pisu\u0101ra ekr\u0101ni.<\/p>\n<p>Patent\u0113ta aizz\u012bmogotu saru tehnolo\u0123ija pal\u012bdz nov\u0113rst ur\u012bna iepl\u016b\u0161anu.<\/p>\n<p>Pal\u012bdz aizsarg\u0101t gr\u012bdu un mazin\u0101t smaku.<\/p>\n<p>Smar\u017eas ilgst vair\u0101k nek\u0101 60 dienas.<\/p>\n<p>Iev\u0113rojami samazina mikrobu izplat\u012bbu vis\u0101 objekt\u0101.<\/p>\n<\/div>\n<\/div>\n<\/div>\n<\/div>\n<\/div>\n<\/div>\n<\/div>\n","protected":false},"excerpt":{"rendered":"<div class=\"item_meta\"><\/div>\n<div><\/div>\n","protected":false},"featured_media":3810,"template":"","meta":{"inline_featured_image":false},"product_cat":[239],"product_tag":[],"class_list":{"0":"post-3805","1":"product","2":"type-product","3":"status-publish","4":"has-post-thumbnail","6":"product_cat-wc-ieliktni-un-pisuara-tabletes","8":"first","9":"instock","10":"taxable","11":"shipping-taxable","12":"purchasable","13":"product-type-simple","14":"add-to-wishlist-after_add_to_cart"},"_links":{"self":[{"href":"https:\/\/alkaline.lv\/en\/wp-json\/wp\/v2\/product\/3805","targetHints":{"allow":["GET"]}}],"collection":[{"href":"https:\/\/alkaline.lv\/en\/wp-json\/wp\/v2\/product"}],"about":[{"href":"https:\/\/alkaline.lv\/en\/wp-json\/wp\/v2\/types\/product"}],"wp:featuredmedia":[{"embeddable":true,"href":"https:\/\/alkaline.lv\/en\/wp-json\/wp\/v2\/media\/3810"}],"wp:attachment":[{"href":"https:\/\/alkaline.lv\/en\/wp-json\/wp\/v2\/media?parent=3805"}],"wp:term":[{"taxonomy":"product_cat","embeddable":true,"href":"https:\/\/alkaline.lv\/en\/wp-json\/wp\/v2\/product_cat?post=3805"},{"taxonomy":"product_tag","embeddable":true,"href":"https:\/\/alkaline.lv\/en\/wp-json\/wp\/v2\/product_tag?post=3805"}],"curies":[{"name":"wp","href":"https:\/\/api.w.org\/{rel}","templated":true}]}}