{"id":3811,"date":"2021-05-03T19:04:02","date_gmt":"2021-05-03T16:04:02","guid":{"rendered":"https:\/\/alkaline.lv\/?post_type=product&#038;p=3811"},"modified":"2022-11-07T19:58:49","modified_gmt":"2022-11-07T17:58:49","slug":"lateksa-darba-cimdi-zali-l-izmers","status":"publish","type":"product","link":"https:\/\/alkaline.lv\/en\/products\/lateksa-darba-cimdi-zali-l-izmers\/","title":{"rendered":"Lateksa darba cimdi\/za\u013ci\/L izm\u0113rs"},"content":{"rendered":"<div class=\"item_meta\">\n<div class=\"prodview-info-about\">\n<div class=\"prodview-info-about\">\n<div class=\"prodview-info-about\">\n<div class=\"prodview-info-about\">\n<div class=\"prodview-info-about\">\n<div class=\"prodview-info-about\">\n<div class=\"prodview-info-about\">\n<div class=\"prodview-info-about\">\n<div class=\"prodview-info-about\">\n<div class=\"prodview-info-about\">\n<div class=\"prodview-info-about\">\n<div class=\"prodview-info-about\">\n<div class=\"prodview-info-about\">\n<div class=\"prodview-info-about\">\n<div class=\"prodview-info-about\">\n<div class=\"prodview-info-about\">\n<div class=\"prodview-info-about\">\n<div class=\"prodview-info-about\">\n<div class=\"prodview-info-about\">\n<div class=\"prodview-info-about\">\n<div class=\"prodview-info-about\">\n<div class=\"prodview-info-about\">Lateksa darba cimdi<\/div>\n<div class=\"prodview-info-about\">\n<div class=\"prodview-info-about\">Pl\u0101ni, bet \u013coti iztur\u012bgi darba cimdi<\/div>\n<p>Izm\u0113rs: 24x15cm( L-9)<br \/>\nSvars: 38 g<br \/>\nMateri\u0101ls: lateksa p\u0101rkl\u0101jums cimdu plaukstas iek\u0161puses<br \/>\nun pirkstu da\u013c\u0101<br \/>\nRa\u017eots: \u0136\u012bn\u0101<\/p>\n<\/div>\n<\/div>\n<\/div>\n<\/div>\n<\/div>\n<div class=\"prodview-info-about\"><\/div>\n<\/div>\n<div class=\"prodview-info-about\"><\/div>\n<\/div>\n<div class=\"prodview-info-about\"><\/div>\n<\/div>\n<\/div>\n<\/div>\n<\/div>\n<\/div>\n<\/div>\n<\/div>\n<\/div>\n<\/div>\n<\/div>\n<\/div>\n<\/div>\n<\/div>\n<\/div>\n<\/div>\n<\/div>\n","protected":false},"excerpt":{"rendered":"<div class=\"item_meta\"><\/div>\n<div><\/div>\n","protected":false},"featured_media":3812,"template":"","meta":{"inline_featured_image":false},"product_cat":[68,115,116],"product_tag":[],"class_list":{"0":"post-3811","1":"product","2":"type-product","3":"status-publish","4":"has-post-thumbnail","6":"product_cat-individualie-aizsardzibas-lidzekli","7":"product_cat-cimdi","8":"product_cat-kokvilnas-un-darba-cimdi","10":"first","11":"instock","12":"taxable","13":"shipping-taxable","14":"purchasable","15":"product-type-simple","16":"add-to-wishlist-after_add_to_cart"},"_links":{"self":[{"href":"https:\/\/alkaline.lv\/en\/wp-json\/wp\/v2\/product\/3811"}],"collection":[{"href":"https:\/\/alkaline.lv\/en\/wp-json\/wp\/v2\/product"}],"about":[{"href":"https:\/\/alkaline.lv\/en\/wp-json\/wp\/v2\/types\/product"}],"wp:featuredmedia":[{"embeddable":true,"href":"https:\/\/alkaline.lv\/en\/wp-json\/wp\/v2\/media\/3812"}],"wp:attachment":[{"href":"https:\/\/alkaline.lv\/en\/wp-json\/wp\/v2\/media?parent=3811"}],"wp:term":[{"taxonomy":"product_cat","embeddable":true,"href":"https:\/\/alkaline.lv\/en\/wp-json\/wp\/v2\/product_cat?post=3811"},{"taxonomy":"product_tag","embeddable":true,"href":"https:\/\/alkaline.lv\/en\/wp-json\/wp\/v2\/product_tag?post=3811"}],"curies":[{"name":"wp","href":"https:\/\/api.w.org\/{rel}","templated":true}]}}