{"id":3831,"date":"2021-05-03T19:33:30","date_gmt":"2021-05-03T16:33:30","guid":{"rendered":"https:\/\/alkaline.lv\/?post_type=product&#038;p=3831"},"modified":"2023-08-31T09:48:47","modified_gmt":"2023-08-31T06:48:47","slug":"wc-ieliktnis-domestos-rim-block-ocean","status":"publish","type":"product","link":"https:\/\/alkaline.lv\/en\/products\/wc-ieliktnis-domestos-rim-block-ocean\/","title":{"rendered":"Klozeta ieliktnis DOMESTOS RIM BLOCK OCEAN 40g"},"content":{"rendered":"<div class=\"simple-content\">\n<div class=\"simple-content\">\n<div class=\"simple-content\">\n<div class=\"simple-content\">\n<div class=\"simple-content\">\n<div class=\"simple-content\">\n<div class=\"item-long-desc\">\n<p>Klozeta ieliktnis ar tr\u012bsk\u0101r\u0161u sp\u0113ku.<br \/>\nNodro\u0161ina t\u012br\u012bbu, aizkav\u0113 ka\u013c\u0137akmens nogul\u0161\u0146u veido\u0161anos un pie\u0161\u0137ir telpai svaigu arom\u0101tu.<\/p>\n<p><strong>Ar j\u016bras arom\u0101tu.<\/strong><\/p>\n<\/div>\n<\/div>\n<\/div>\n<\/div>\n<\/div>\n<\/div>\n<\/div>\n","protected":false},"excerpt":{"rendered":"<div class=\"item_meta\"><\/div>\n<div><\/div>\n","protected":false},"featured_media":3834,"template":"","meta":{"inline_featured_image":false},"product_cat":[239],"product_tag":[],"class_list":{"0":"post-3831","1":"product","2":"type-product","3":"status-publish","4":"has-post-thumbnail","6":"product_cat-wc-ieliktni-un-pisuara-tabletes","8":"first","9":"instock","10":"taxable","11":"shipping-taxable","12":"purchasable","13":"product-type-simple","14":"add-to-wishlist-after_add_to_cart"},"_links":{"self":[{"href":"https:\/\/alkaline.lv\/en\/wp-json\/wp\/v2\/product\/3831","targetHints":{"allow":["GET"]}}],"collection":[{"href":"https:\/\/alkaline.lv\/en\/wp-json\/wp\/v2\/product"}],"about":[{"href":"https:\/\/alkaline.lv\/en\/wp-json\/wp\/v2\/types\/product"}],"wp:featuredmedia":[{"embeddable":true,"href":"https:\/\/alkaline.lv\/en\/wp-json\/wp\/v2\/media\/3834"}],"wp:attachment":[{"href":"https:\/\/alkaline.lv\/en\/wp-json\/wp\/v2\/media?parent=3831"}],"wp:term":[{"taxonomy":"product_cat","embeddable":true,"href":"https:\/\/alkaline.lv\/en\/wp-json\/wp\/v2\/product_cat?post=3831"},{"taxonomy":"product_tag","embeddable":true,"href":"https:\/\/alkaline.lv\/en\/wp-json\/wp\/v2\/product_tag?post=3831"}],"curies":[{"name":"wp","href":"https:\/\/api.w.org\/{rel}","templated":true}]}}