{"id":3833,"date":"2021-05-03T19:36:37","date_gmt":"2021-05-03T16:36:37","guid":{"rendered":"https:\/\/alkaline.lv\/?post_type=product&#038;p=3833"},"modified":"2022-11-07T19:47:46","modified_gmt":"2022-11-07T17:47:46","slug":"aditi-ar-gumijas-parklajumu-siltie-darba-cimdi-10-izm","status":"publish","type":"product","link":"https:\/\/alkaline.lv\/en\/products\/aditi-ar-gumijas-parklajumu-siltie-darba-cimdi-10-izm\/","title":{"rendered":"Ad\u012bti ar gumijas p\u0101rkl\u0101jumu SILTIE darba cimdi\/10 izm."},"content":{"rendered":"<div class=\"item_meta\">\n<div class=\"prodview-info-about\">\n<div class=\"prodview-info-about\">\n<div class=\"prodview-info-about\">\n<div class=\"prodview-info-about\">\n<div class=\"prodview-info-about\">\n<div class=\"prodview-info-about\">\n<div class=\"prodview-info-about\">\n<div class=\"prodview-info-about\">\n<div class=\"prodview-info-about\">\n<div class=\"prodview-info-about\">\n<div class=\"prodview-info-about\">\n<div class=\"prodview-info-about\">\n<div class=\"prodview-info-about\">\n<div class=\"prodview-info-about\">\n<div class=\"prodview-info-about\">\n<div class=\"prodview-info-about\">\n<div class=\"prodview-info-about\">\n<div class=\"prodview-info-about\">\n<div class=\"prodview-info-about\">\n<div class=\"prodview-info-about\">\n<div class=\"prodview-info-about\">\n<div class=\"prodview-info-about\">\n<div class=\"prodview-info-about\">\n<div class=\"prodview-info-about\">\n<div class=\"prodview-info-about\">\n<div class=\"prodview-info-about\">Ziemas cimdi &#8220;Strong Grip Winter&#8221;<br \/>\nad\u012bti ar nesl\u012bdo\u0161u gumijas p\u0101rkl\u0101jumu<br \/>\nplaukstas da\u013c\u0101 100% akrils<\/div>\n<p>Izm\u0113rs: 26x16cm(10 izm.)<br \/>\nSvars: 120 g<br \/>\nRa\u017eots: \u0136\u012bn\u0101<\/p>\n<\/div>\n<\/div>\n<\/div>\n<\/div>\n<\/div>\n<\/div>\n<\/div>\n<\/div>\n<\/div>\n<div class=\"prodview-info-about\"><\/div>\n<\/div>\n<div class=\"prodview-info-about\"><\/div>\n<\/div>\n<\/div>\n<\/div>\n<\/div>\n<\/div>\n<\/div>\n<\/div>\n<\/div>\n<\/div>\n<\/div>\n<\/div>\n<\/div>\n<\/div>\n<\/div>\n<\/div>\n<\/div>\n","protected":false},"excerpt":{"rendered":"<div class=\"item_meta\"><\/div>\n<div><\/div>\n","protected":false},"featured_media":3838,"template":"","meta":{"inline_featured_image":false},"product_cat":[115,68,116],"product_tag":[],"class_list":{"0":"post-3833","1":"product","2":"type-product","3":"status-publish","4":"has-post-thumbnail","6":"product_cat-cimdi","7":"product_cat-individualie-aizsardzibas-lidzekli","8":"product_cat-kokvilnas-un-darba-cimdi","10":"first","11":"instock","12":"taxable","13":"shipping-taxable","14":"purchasable","15":"product-type-simple","16":"add-to-wishlist-after_add_to_cart"},"_links":{"self":[{"href":"https:\/\/alkaline.lv\/en\/wp-json\/wp\/v2\/product\/3833","targetHints":{"allow":["GET"]}}],"collection":[{"href":"https:\/\/alkaline.lv\/en\/wp-json\/wp\/v2\/product"}],"about":[{"href":"https:\/\/alkaline.lv\/en\/wp-json\/wp\/v2\/types\/product"}],"wp:featuredmedia":[{"embeddable":true,"href":"https:\/\/alkaline.lv\/en\/wp-json\/wp\/v2\/media\/3838"}],"wp:attachment":[{"href":"https:\/\/alkaline.lv\/en\/wp-json\/wp\/v2\/media?parent=3833"}],"wp:term":[{"taxonomy":"product_cat","embeddable":true,"href":"https:\/\/alkaline.lv\/en\/wp-json\/wp\/v2\/product_cat?post=3833"},{"taxonomy":"product_tag","embeddable":true,"href":"https:\/\/alkaline.lv\/en\/wp-json\/wp\/v2\/product_tag?post=3833"}],"curies":[{"name":"wp","href":"https:\/\/api.w.org\/{rel}","templated":true}]}}