{"id":3853,"date":"2021-05-03T22:58:00","date_gmt":"2021-05-03T19:58:00","guid":{"rendered":"https:\/\/alkaline.lv\/?post_type=product&#038;p=3853"},"modified":"2022-06-10T14:50:59","modified_gmt":"2022-06-10T11:50:59","slug":"kalkulators-casio-sl-1000sc-120-x-71-x-9-mm-zelta-krasa","status":"publish","type":"product","link":"https:\/\/alkaline.lv\/en\/products\/kalkulators-casio-sl-1000sc-120-x-71-x-9-mm-zelta-krasa\/","title":{"rendered":"Kalkulators CASIO SL-1000SC, 120 x 71 x 9 mm, zelta kr\u0101sa"},"content":{"rendered":"<div class=\"item_meta\">\n<div class=\"prodview-info-about\">\n<div class=\"prodview-info-about\">\n<div class=\"prodview-info-about\">\n<div class=\"prodview-info-about\">\n<div class=\"prodview-info-about\">\n<div class=\"prodview-info-about\">\n<div class=\"prodview-info-about\">\n<div class=\"prodview-info-about\">\n<div class=\"prodview-info-about\">\n<div class=\"prodview-info-about\">\n<div class=\"prodview-info-about\">\n<div class=\"prodview-info-about\">\n<div class=\"prodview-info-about\">\n<div class=\"prodview-info-about\">\n<div class=\"prodview-info-about\">\n<div class=\"prodview-info-about\">\n<div class=\"prodview-info-about\">\n<div class=\"prodview-info-about\">\n<div class=\"prodview-info-about\">\n<div class=\"prodview-info-about\">\n<div class=\"prodview-info-about\">\n<div class=\"prodview-info-about\">\n<div class=\"prodview-info-about\">\n<div class=\"prodview-info-about\">\n<div class=\"prodview-info-about\">\n<div class=\"prodview-info-about\">\n<div class=\"prodview-info-about\">10 ciparu liels LC-displejs<br \/>\nDubults baro\u0161anas avots<br \/>\nKr\u0101sains met\u0101la v\u0101ks<br \/>\nKey rollover funkcija<br \/>\nBaterija: 1 x LR1130<br \/>\nProfesion\u0101ls procentu apr\u0113\u0137ins<br \/>\nPe\u013c\u0146as apr\u0113\u0137ins ar % z\u012bmi<br \/>\nNodok\u013cu apr\u0113\u0137ins<br \/>\n4 atmi\u0146u pogas<br \/>\n3 cipari aiz komata<br \/>\nAtpaka\u013catk\u0101pes tausti\u0146\u0161<br \/>\nKvadr\u0101tsaknes funkcija<br \/>\nPlus\/m\u012bnus z\u012bmes mai\u0146as tausti\u0146\u0161<br \/>\n00 tausti\u0146\u0161<br \/>\nIzm\u0113rs: 120 x 71 x 9 mm<\/div>\n<\/div>\n<\/div>\n<\/div>\n<\/div>\n<\/div>\n<\/div>\n<\/div>\n<\/div>\n<\/div>\n<\/div>\n<\/div>\n<div class=\"prodview-info-about\"><\/div>\n<\/div>\n<\/div>\n<\/div>\n<\/div>\n<\/div>\n<\/div>\n<\/div>\n<\/div>\n<\/div>\n<\/div>\n<\/div>\n<\/div>\n<\/div>\n<\/div>\n<\/div>\n<\/div>\n","protected":false},"excerpt":{"rendered":"<div class=\"item_meta\">Cena ar PVN <span style=\"color: #ff0000;\"><strong>22,69\u00a0\u20ac<\/strong><\/span><\/div>\n<div><\/div>\n","protected":false},"featured_media":3854,"template":"","meta":{"inline_featured_image":false},"product_cat":[241],"product_tag":[],"class_list":{"0":"post-3853","1":"product","2":"type-product","3":"status-publish","4":"has-post-thumbnail","6":"product_cat-kabatas-kalkulatori","8":"first","9":"outofstock","10":"taxable","11":"shipping-taxable","12":"purchasable","13":"product-type-simple","14":"add-to-wishlist-after_add_to_cart"},"_links":{"self":[{"href":"https:\/\/alkaline.lv\/en\/wp-json\/wp\/v2\/product\/3853"}],"collection":[{"href":"https:\/\/alkaline.lv\/en\/wp-json\/wp\/v2\/product"}],"about":[{"href":"https:\/\/alkaline.lv\/en\/wp-json\/wp\/v2\/types\/product"}],"wp:featuredmedia":[{"embeddable":true,"href":"https:\/\/alkaline.lv\/en\/wp-json\/wp\/v2\/media\/3854"}],"wp:attachment":[{"href":"https:\/\/alkaline.lv\/en\/wp-json\/wp\/v2\/media?parent=3853"}],"wp:term":[{"taxonomy":"product_cat","embeddable":true,"href":"https:\/\/alkaline.lv\/en\/wp-json\/wp\/v2\/product_cat?post=3853"},{"taxonomy":"product_tag","embeddable":true,"href":"https:\/\/alkaline.lv\/en\/wp-json\/wp\/v2\/product_tag?post=3853"}],"curies":[{"name":"wp","href":"https:\/\/api.w.org\/{rel}","templated":true}]}}