{"id":3861,"date":"2021-05-03T23:22:54","date_gmt":"2021-05-03T20:22:54","guid":{"rendered":"https:\/\/alkaline.lv\/?post_type=product&#038;p=3861"},"modified":"2021-05-03T23:27:51","modified_gmt":"2021-05-03T20:27:51","slug":"kabatas-kalkulators-casio-hl-815l-70-x-118-x-18-mm-melns","status":"publish","type":"product","link":"https:\/\/alkaline.lv\/en\/products\/kabatas-kalkulators-casio-hl-815l-70-x-118-x-18-mm-melns\/","title":{"rendered":"Kabatas kalkulators CASIO HL-815L, 70 x 118 x 18 mm, melns"},"content":{"rendered":"<p>8 ciparu displejs<br \/>\nLiels displejs<br \/>\n3 cipari aiz komata<br \/>\nProcentu apr\u0113\u0137in\u0101\u0161anas funkcija<br \/>\nKvadr\u0101tsaknes funkcija<br \/>\nAr baterij\u0101m darbin\u0101ms<br \/>\nBaterijas AA (R6)<br \/>\n2 gadu garantija<br \/>\nStandarta lo\u0123ika<\/p>\n","protected":false},"excerpt":{"rendered":"<div class=\"item_meta\">Cena ar PVN <span style=\"color: #ff0000;\"><strong>5,05\u00a0\u20ac<\/strong><\/span><\/div>\n<div><\/div>\n","protected":false},"featured_media":3862,"template":"","meta":{"inline_featured_image":false},"product_cat":[241],"product_tag":[],"class_list":{"0":"post-3861","1":"product","2":"type-product","3":"status-publish","4":"has-post-thumbnail","6":"product_cat-kabatas-kalkulatori","8":"first","9":"instock","10":"taxable","11":"shipping-taxable","12":"purchasable","13":"product-type-simple","14":"add-to-wishlist-after_add_to_cart"},"_links":{"self":[{"href":"https:\/\/alkaline.lv\/en\/wp-json\/wp\/v2\/product\/3861"}],"collection":[{"href":"https:\/\/alkaline.lv\/en\/wp-json\/wp\/v2\/product"}],"about":[{"href":"https:\/\/alkaline.lv\/en\/wp-json\/wp\/v2\/types\/product"}],"wp:featuredmedia":[{"embeddable":true,"href":"https:\/\/alkaline.lv\/en\/wp-json\/wp\/v2\/media\/3862"}],"wp:attachment":[{"href":"https:\/\/alkaline.lv\/en\/wp-json\/wp\/v2\/media?parent=3861"}],"wp:term":[{"taxonomy":"product_cat","embeddable":true,"href":"https:\/\/alkaline.lv\/en\/wp-json\/wp\/v2\/product_cat?post=3861"},{"taxonomy":"product_tag","embeddable":true,"href":"https:\/\/alkaline.lv\/en\/wp-json\/wp\/v2\/product_tag?post=3861"}],"curies":[{"name":"wp","href":"https:\/\/api.w.org\/{rel}","templated":true}]}}