{"id":3867,"date":"2021-05-03T23:47:25","date_gmt":"2021-05-03T20:47:25","guid":{"rendered":"https:\/\/alkaline.lv\/?post_type=product&#038;p=3867"},"modified":"2022-07-12T13:14:48","modified_gmt":"2022-07-12T10:14:48","slug":"galda-kalkulators-casio-gr-16-155x209x35-mm-melns","status":"publish","type":"product","link":"https:\/\/alkaline.lv\/en\/products\/galda-kalkulators-casio-gr-16-155x209x35-mm-melns\/","title":{"rendered":"Galda kalkulators CASIO GR-16, 155x209x35 mm, melns"},"content":{"rendered":"<div class=\"PRODUCT__description desc description\">\n<div id=\"product-12e1ba2b0846462b06e2a06d423a949a\">16 ciparu liels LC-displejs<br \/>\nDubults baro\u0161anas avots<br \/>\nPlastmasas tausti\u0146i<br \/>\nProcentu apr\u0113\u0137ins<br \/>\nKvadr\u0101tsaknes funkcija<br \/>\n2 atmi\u0146u pogas<br \/>\n&#8220;Mark Up&#8221; funkcija<br \/>\nNoapa\u013co\u0161anas izv\u0113le (0,2,3,4, ADD2)<br \/>\nAutom\u0101tiska noapa\u013co\u0161ana F, CUT, UP, 5\/4<br \/>\nAtpaka\u013catk\u0101pes tausti\u0146\u0161<br \/>\n000 tausti\u0146\u0161<br \/>\nBaterija: 1 x LR44<br \/>\nGarantija 2 gadi<br \/>\nStandarta lo\u0123ika<\/div>\n<p>&nbsp;<\/p>\n<\/div>\n<div class=\"PRODUCT__actions\">\n<div class=\"PRODUCT__actions-item\"><\/div>\n<\/div>\n","protected":false},"excerpt":{"rendered":"<div class=\"item_meta\">Cena ar PVN <span style=\"color: #ff0000;\"><strong>23,30 \u20ac<\/strong><\/span><\/div>\n<div><\/div>\n","protected":false},"featured_media":3868,"template":"","meta":{"inline_featured_image":false},"product_cat":[242],"product_tag":[],"class_list":{"0":"post-3867","1":"product","2":"type-product","3":"status-publish","4":"has-post-thumbnail","6":"product_cat-galda-kalkulatori","8":"first","9":"instock","10":"taxable","11":"shipping-taxable","12":"purchasable","13":"product-type-simple","14":"add-to-wishlist-after_add_to_cart"},"_links":{"self":[{"href":"https:\/\/alkaline.lv\/en\/wp-json\/wp\/v2\/product\/3867"}],"collection":[{"href":"https:\/\/alkaline.lv\/en\/wp-json\/wp\/v2\/product"}],"about":[{"href":"https:\/\/alkaline.lv\/en\/wp-json\/wp\/v2\/types\/product"}],"wp:featuredmedia":[{"embeddable":true,"href":"https:\/\/alkaline.lv\/en\/wp-json\/wp\/v2\/media\/3868"}],"wp:attachment":[{"href":"https:\/\/alkaline.lv\/en\/wp-json\/wp\/v2\/media?parent=3867"}],"wp:term":[{"taxonomy":"product_cat","embeddable":true,"href":"https:\/\/alkaline.lv\/en\/wp-json\/wp\/v2\/product_cat?post=3867"},{"taxonomy":"product_tag","embeddable":true,"href":"https:\/\/alkaline.lv\/en\/wp-json\/wp\/v2\/product_tag?post=3867"}],"curies":[{"name":"wp","href":"https:\/\/api.w.org\/{rel}","templated":true}]}}