{"id":3879,"date":"2021-05-04T00:12:53","date_gmt":"2021-05-03T21:12:53","guid":{"rendered":"https:\/\/alkaline.lv\/?post_type=product&#038;p=3879"},"modified":"2021-05-04T00:17:06","modified_gmt":"2021-05-03T21:17:06","slug":"galda-kalkulators-casio-wm-320mt-109-x-169-x-33-mm","status":"publish","type":"product","link":"https:\/\/alkaline.lv\/en\/products\/galda-kalkulators-casio-wm-320mt-109-x-169-x-33-mm\/","title":{"rendered":"Galda kalkulators CASIO WM-320MT, 109 x 169 x 33 mm"},"content":{"rendered":"<div class=\"PRODUCT__description desc description\">\n<div class=\"PRODUCT__description desc description\">\n<div id=\"product-d013721d1bce3f4869e7d16f7494a891\">12 ciparu displejs<br \/>\nTastat\u016bru var no\u0146emt un dr\u012bkst mazg\u0101t<br \/>\nDubults baro\u0161anas avots<br \/>\nNodok\u013cu apr\u0113\u0137in\u0101\u0161anas funkcija<br \/>\nPe\u013c\u0146as apr\u0113\u0137in\u0101\u0161anas funkcija<br \/>\nKey rollover funkcija<br \/>\n3 cipari aiz komata<br \/>\nPlus\/m\u012bnus z\u012bmes mai\u0146as tausti\u0146\u0161<br \/>\n00 tausti\u0146\u0161<br \/>\nLitija baterija CR2032<br \/>\n2 gadu garantija<br \/>\nUzlabot\u0101 (progres\u012bv\u0101) lo\u0123ika<\/div>\n<p>&nbsp;<\/p>\n<\/div>\n<div class=\"PRODUCT__actions\">\n<div class=\"PRODUCT__actions-item\"><\/div>\n<\/div>\n<\/div>\n<div class=\"PRODUCT__actions\">\n<div class=\"PRODUCT__actions-item\"><\/div>\n<\/div>\n","protected":false},"excerpt":{"rendered":"<div class=\"item_meta\">Cena ar PVN <span style=\"color: #ff0000;\"><strong>39,94 \u20ac<\/strong><\/span><\/div>\n<div><\/div>\n","protected":false},"featured_media":3880,"template":"","meta":{"inline_featured_image":false},"product_cat":[242],"product_tag":[],"class_list":{"0":"post-3879","1":"product","2":"type-product","3":"status-publish","4":"has-post-thumbnail","6":"product_cat-galda-kalkulatori","8":"first","9":"instock","10":"taxable","11":"shipping-taxable","12":"purchasable","13":"product-type-simple","14":"add-to-wishlist-after_add_to_cart"},"_links":{"self":[{"href":"https:\/\/alkaline.lv\/en\/wp-json\/wp\/v2\/product\/3879"}],"collection":[{"href":"https:\/\/alkaline.lv\/en\/wp-json\/wp\/v2\/product"}],"about":[{"href":"https:\/\/alkaline.lv\/en\/wp-json\/wp\/v2\/types\/product"}],"wp:featuredmedia":[{"embeddable":true,"href":"https:\/\/alkaline.lv\/en\/wp-json\/wp\/v2\/media\/3880"}],"wp:attachment":[{"href":"https:\/\/alkaline.lv\/en\/wp-json\/wp\/v2\/media?parent=3879"}],"wp:term":[{"taxonomy":"product_cat","embeddable":true,"href":"https:\/\/alkaline.lv\/en\/wp-json\/wp\/v2\/product_cat?post=3879"},{"taxonomy":"product_tag","embeddable":true,"href":"https:\/\/alkaline.lv\/en\/wp-json\/wp\/v2\/product_tag?post=3879"}],"curies":[{"name":"wp","href":"https:\/\/api.w.org\/{rel}","templated":true}]}}