{"id":3881,"date":"2021-05-04T00:17:46","date_gmt":"2021-05-03T21:17:46","guid":{"rendered":"https:\/\/alkaline.lv\/?post_type=product&#038;p=3881"},"modified":"2022-06-10T14:51:03","modified_gmt":"2022-06-10T11:51:03","slug":"galda-kalkulators-casio-dh-12-151-x-159-x-29-mm","status":"publish","type":"product","link":"https:\/\/alkaline.lv\/en\/products\/galda-kalkulators-casio-dh-12-151-x-159-x-29-mm\/","title":{"rendered":"Galda kalkulators CASIO DH-12, 151 x 159 x 29 mm"},"content":{"rendered":"<div class=\"PRODUCT__description desc description\">\n<div class=\"PRODUCT__description desc description\">\n<div id=\"product-d013721d1bce3f4869e7d16f7494a891\">12 ciparu displejs<br \/>\nNoapa\u013co\u0161anas funkcija<br \/>\nDubults baro\u0161nas avots<br \/>\nKvadr\u0101tsaknes funkcija<br \/>\nKey rollover<br \/>\n3 cipari aiz komata<br \/>\nPlus\/m\u012bnus z\u012bmes mai\u0146as tausti\u0146\u0161<br \/>\nUzcenojums\/ nocenojuma funkcija<br \/>\nAtpaka\u013catk\u0101pes tausti\u0146\u0161<br \/>\nGT atmi\u0146a<br \/>\nBaterija LR44<br \/>\n2 gadu garantija<br \/>\nStandarta lo\u0123ika<\/div>\n<p>&nbsp;<\/p>\n<\/div>\n<div class=\"PRODUCT__actions\">\n<div class=\"PRODUCT__actions-item\"><\/div>\n<\/div>\n<\/div>\n<div class=\"PRODUCT__actions\">\n<div class=\"PRODUCT__actions-item\"><\/div>\n<\/div>\n","protected":false},"excerpt":{"rendered":"<div class=\"item_meta\">Cena ar PVN <span style=\"color: #ff0000;\"><strong>25,35 \u20ac<\/strong><\/span><\/div>\n<div><\/div>\n","protected":false},"featured_media":3882,"template":"","meta":{"inline_featured_image":false},"product_cat":[242],"product_tag":[],"class_list":{"0":"post-3881","1":"product","2":"type-product","3":"status-publish","4":"has-post-thumbnail","6":"product_cat-galda-kalkulatori","8":"first","9":"outofstock","10":"taxable","11":"shipping-taxable","12":"purchasable","13":"product-type-simple","14":"add-to-wishlist-after_add_to_cart"},"_links":{"self":[{"href":"https:\/\/alkaline.lv\/en\/wp-json\/wp\/v2\/product\/3881"}],"collection":[{"href":"https:\/\/alkaline.lv\/en\/wp-json\/wp\/v2\/product"}],"about":[{"href":"https:\/\/alkaline.lv\/en\/wp-json\/wp\/v2\/types\/product"}],"wp:featuredmedia":[{"embeddable":true,"href":"https:\/\/alkaline.lv\/en\/wp-json\/wp\/v2\/media\/3882"}],"wp:attachment":[{"href":"https:\/\/alkaline.lv\/en\/wp-json\/wp\/v2\/media?parent=3881"}],"wp:term":[{"taxonomy":"product_cat","embeddable":true,"href":"https:\/\/alkaline.lv\/en\/wp-json\/wp\/v2\/product_cat?post=3881"},{"taxonomy":"product_tag","embeddable":true,"href":"https:\/\/alkaline.lv\/en\/wp-json\/wp\/v2\/product_tag?post=3881"}],"curies":[{"name":"wp","href":"https:\/\/api.w.org\/{rel}","templated":true}]}}