{"id":3883,"date":"2021-05-04T00:20:24","date_gmt":"2021-05-03T21:20:24","guid":{"rendered":"https:\/\/alkaline.lv\/?post_type=product&#038;p=3883"},"modified":"2021-05-04T00:25:09","modified_gmt":"2021-05-03T21:25:09","slug":"galda-kalkulators-casio-ms-20uc-bu-105-x-150-x-23-mm-zils","status":"publish","type":"product","link":"https:\/\/alkaline.lv\/en\/products\/galda-kalkulators-casio-ms-20uc-bu-105-x-150-x-23-mm-zils\/","title":{"rendered":"Galda kalkulators CASIO MS-20UC-BU, 105 x 150 x 23 mm, zils"},"content":{"rendered":"<div class=\"PRODUCT__description desc description\">\n<div class=\"PRODUCT__description desc description\">\n<div id=\"product-d013721d1bce3f4869e7d16f7494a891\">12 ciparu displejs<br \/>\nDubults baro\u0161anas avots<br \/>\nKey rollover funkcija<br \/>\nBaterija: 1 x LR1130<br \/>\nProfesion\u0101ls procentu apr\u0113\u0137ins<br \/>\nPe\u013c\u0146as apr\u0113\u0137ins ar % z\u012bmi<br \/>\nLaika apr\u0113\u0137ins<br \/>\nNodok\u013cu apr\u0113\u0137ins<br \/>\n3 atmi\u0146as pogas<br \/>\n3 cipari aiz komata<br \/>\nPlus\/m\u012bnus z\u012bmes mai\u0146as tausti\u0146\u0161<br \/>\nAtpaka\u013catk\u0101pes tausti\u0146\u0161<br \/>\nKvadr\u0101tsaknes funkcija<br \/>\n00 tausti\u0146\u0161<br \/>\nIzmers: 105 x 150 x 23 mm<\/div>\n<p>&nbsp;<\/p>\n<\/div>\n<div class=\"PRODUCT__actions\">\n<div class=\"PRODUCT__actions-item\"><\/div>\n<\/div>\n<\/div>\n<div class=\"PRODUCT__actions\">\n<div class=\"PRODUCT__actions-item\"><\/div>\n<\/div>\n","protected":false},"excerpt":{"rendered":"<div class=\"item_meta\">Cena ar PVN <span style=\"color: #ff0000;\"><strong>22,87 \u20ac<\/strong><\/span><\/div>\n<div><\/div>\n","protected":false},"featured_media":3885,"template":"","meta":{"inline_featured_image":false},"product_cat":[242],"product_tag":[],"class_list":{"0":"post-3883","1":"product","2":"type-product","3":"status-publish","4":"has-post-thumbnail","6":"product_cat-galda-kalkulatori","8":"first","9":"instock","10":"taxable","11":"shipping-taxable","12":"purchasable","13":"product-type-simple","14":"add-to-wishlist-after_add_to_cart"},"_links":{"self":[{"href":"https:\/\/alkaline.lv\/en\/wp-json\/wp\/v2\/product\/3883"}],"collection":[{"href":"https:\/\/alkaline.lv\/en\/wp-json\/wp\/v2\/product"}],"about":[{"href":"https:\/\/alkaline.lv\/en\/wp-json\/wp\/v2\/types\/product"}],"wp:featuredmedia":[{"embeddable":true,"href":"https:\/\/alkaline.lv\/en\/wp-json\/wp\/v2\/media\/3885"}],"wp:attachment":[{"href":"https:\/\/alkaline.lv\/en\/wp-json\/wp\/v2\/media?parent=3883"}],"wp:term":[{"taxonomy":"product_cat","embeddable":true,"href":"https:\/\/alkaline.lv\/en\/wp-json\/wp\/v2\/product_cat?post=3883"},{"taxonomy":"product_tag","embeddable":true,"href":"https:\/\/alkaline.lv\/en\/wp-json\/wp\/v2\/product_tag?post=3883"}],"curies":[{"name":"wp","href":"https:\/\/api.w.org\/{rel}","templated":true}]}}