{"id":38882,"date":"2022-07-06T18:56:07","date_gmt":"2022-07-06T15:56:07","guid":{"rendered":"https:\/\/alkaline.lv\/?post_type=product&#038;p=38882"},"modified":"2024-03-12T14:18:37","modified_gmt":"2024-03-12T12:18:37","slug":"kanalizacijas-caurulu-tirisanas-lidzeklis-ewol-formula-ex-1-l","status":"publish","type":"product","link":"https:\/\/alkaline.lv\/en\/products\/kanalizacijas-caurulu-tirisanas-lidzeklis-ewol-formula-ex-1-l\/","title":{"rendered":"Kanaliz\u0101cijas cauru\u013cu t\u012br\u012b\u0161anas l\u012bdzeklis Ewol Formula EX, 1 l"},"content":{"rendered":"<p><strong>Apraksts:\u00a0<\/strong>Kanaliz\u0101cijas cauru\u013cu t\u012br\u012b\u0161anas l\u012bdzeklis.<\/p>\n<p><strong>Lieto\u0161ana:<\/strong>\u00a0Ieliet flakona 1\/8-1\/4 da\u013cu cauru\u013cvad\u0101, atst\u0101t uz 2-3 stund\u0101m. Nomazg\u0101t ar lielu daudzumu \u016bdens. Apstr\u0101d\u0101t 1-2 reizes m\u0113nes\u012b. Neizmantot kop\u0101 ar citiem mazg\u0101\u0161anas l\u012bdzekliem. Nepielietot alum\u012bnija un cinka virsm\u0101s.<\/p>\n<p><strong>Sast\u0101vda\u013cas:<\/strong>\u00a0amfoteras virsmakt\u012bvas viela &lt;5%,\u00a0n\u0101trija hidroks\u012bds.<\/p>\n<p><strong>Tilpums: 1 L<\/strong><\/p>\n","protected":false},"excerpt":{"rendered":"<div class=\"item_meta\"><\/div>\n<div><\/div>\n","protected":false},"featured_media":38889,"template":"","meta":{"inline_featured_image":false},"product_cat":[1804,78],"product_tag":[],"class_list":{"0":"post-38882","1":"product","2":"type-product","3":"status-publish","4":"has-post-thumbnail","6":"product_cat-kanalizacijas-attirisanai","7":"product_cat-sanitaro-telpu-tirisanai","9":"first","10":"instock","11":"taxable","12":"shipping-taxable","13":"purchasable","14":"product-type-simple","15":"add-to-wishlist-after_add_to_cart"},"_links":{"self":[{"href":"https:\/\/alkaline.lv\/en\/wp-json\/wp\/v2\/product\/38882"}],"collection":[{"href":"https:\/\/alkaline.lv\/en\/wp-json\/wp\/v2\/product"}],"about":[{"href":"https:\/\/alkaline.lv\/en\/wp-json\/wp\/v2\/types\/product"}],"wp:featuredmedia":[{"embeddable":true,"href":"https:\/\/alkaline.lv\/en\/wp-json\/wp\/v2\/media\/38889"}],"wp:attachment":[{"href":"https:\/\/alkaline.lv\/en\/wp-json\/wp\/v2\/media?parent=38882"}],"wp:term":[{"taxonomy":"product_cat","embeddable":true,"href":"https:\/\/alkaline.lv\/en\/wp-json\/wp\/v2\/product_cat?post=38882"},{"taxonomy":"product_tag","embeddable":true,"href":"https:\/\/alkaline.lv\/en\/wp-json\/wp\/v2\/product_tag?post=38882"}],"curies":[{"name":"wp","href":"https:\/\/api.w.org\/{rel}","templated":true}]}}