{"id":3890,"date":"2021-05-04T00:36:25","date_gmt":"2021-05-03T21:36:25","guid":{"rendered":"https:\/\/alkaline.lv\/?post_type=product&#038;p=3890"},"modified":"2022-07-12T13:14:54","modified_gmt":"2022-07-12T10:14:54","slug":"galda-kalkulators-casio-dx-12b-129-x-175-x-33-mm","status":"publish","type":"product","link":"https:\/\/alkaline.lv\/en\/products\/galda-kalkulators-casio-dx-12b-129-x-175-x-33-mm\/","title":{"rendered":"Galda kalkulators CASIO DX-12B, 129 x 175 x 33 mm"},"content":{"rendered":"<div class=\"PRODUCT__description desc description\">\n<div class=\"PRODUCT__description desc description\">\n<div id=\"product-d013721d1bce3f4869e7d16f7494a891\">\n<div class=\"PRODUCT__description desc description\">\n<div id=\"product-2d8aab9aead2d8dea84f5454efcf0b72-full\"><\/div>\n<\/div>\n<div class=\"PRODUCT__actions\">\n<div class=\"PRODUCT__actions-item\">\n<div class=\"PRODUCT__description desc description\">\n<div id=\"product-eb486bd75848c57055b217de29a2474c\">12 ciparu displejs<br \/>\nNoapa\u013co\u0161anas funkcija<br \/>\nDubults baro\u0161nas avots<br \/>\nKvadr\u0101tsaknes funkcija<br \/>\nKey rollover funkcija<br \/>\n3 cipari aiz komata<br \/>\nPlus\/m\u012bnus z\u012bmes mai\u0146as tausti\u0146\u0161<br \/>\nUzcenojuma\/nocenojuma funkcija<br \/>\nAtpaka\u013catk\u0101pes tausti\u0146\u0161<br \/>\nGT atmi\u0146a<br \/>\nBaterija LR44<br \/>\n2 gadu garantija<br \/>\nStandarta lo\u0123ika<\/div>\n<p>&nbsp;<\/p>\n<\/div>\n<div class=\"PRODUCT__actions\">\n<div class=\"PRODUCT__actions-item\"><\/div>\n<\/div>\n<\/div>\n<\/div>\n<\/div>\n<p>&nbsp;<\/p>\n<\/div>\n<div class=\"PRODUCT__actions\">\n<div class=\"PRODUCT__actions-item\"><\/div>\n<\/div>\n<\/div>\n<div class=\"PRODUCT__actions\">\n<div class=\"PRODUCT__actions-item\"><\/div>\n<\/div>\n","protected":false},"excerpt":{"rendered":"<div class=\"item_meta\">Cena ar PVN <span style=\"color: #ff0000;\"><strong>17,62\u00a0\u20ac<\/strong><\/span><\/div>\n<div><\/div>\n","protected":false},"featured_media":3891,"template":"","meta":{"inline_featured_image":false},"product_cat":[242],"product_tag":[],"class_list":{"0":"post-3890","1":"product","2":"type-product","3":"status-publish","4":"has-post-thumbnail","6":"product_cat-galda-kalkulatori","8":"first","9":"instock","10":"taxable","11":"shipping-taxable","12":"purchasable","13":"product-type-simple","14":"add-to-wishlist-after_add_to_cart"},"_links":{"self":[{"href":"https:\/\/alkaline.lv\/en\/wp-json\/wp\/v2\/product\/3890"}],"collection":[{"href":"https:\/\/alkaline.lv\/en\/wp-json\/wp\/v2\/product"}],"about":[{"href":"https:\/\/alkaline.lv\/en\/wp-json\/wp\/v2\/types\/product"}],"wp:featuredmedia":[{"embeddable":true,"href":"https:\/\/alkaline.lv\/en\/wp-json\/wp\/v2\/media\/3891"}],"wp:attachment":[{"href":"https:\/\/alkaline.lv\/en\/wp-json\/wp\/v2\/media?parent=3890"}],"wp:term":[{"taxonomy":"product_cat","embeddable":true,"href":"https:\/\/alkaline.lv\/en\/wp-json\/wp\/v2\/product_cat?post=3890"},{"taxonomy":"product_tag","embeddable":true,"href":"https:\/\/alkaline.lv\/en\/wp-json\/wp\/v2\/product_tag?post=3890"}],"curies":[{"name":"wp","href":"https:\/\/api.w.org\/{rel}","templated":true}]}}