{"id":38914,"date":"2022-07-10T17:26:18","date_gmt":"2022-07-10T14:26:18","guid":{"rendered":"https:\/\/alkaline.lv\/?post_type=product&#038;p=38914"},"modified":"2022-12-22T17:42:46","modified_gmt":"2022-12-22T15:42:46","slug":"skidras-kremziepes-dalan-cream-aloe-vera-juice-400ml","status":"publish","type":"product","link":"https:\/\/alkaline.lv\/en\/products\/skidras-kremziepes-dalan-cream-aloe-vera-juice-400ml\/","title":{"rendered":"\u0160\u0137idr\u0101s kr\u0113mziepes DALAN CREAM Aloe Vera Juice 400ml"},"content":{"rendered":"<div class=\"simple-content\">\n<h5>Produkta apraksts<\/h5>\n<p>Jaunas \u012bpa\u0161i mitrino\u0161as kr\u0113ma ziepes roku mazg\u0101\u0161anai\u00a0<span lang=\"EN-US\">ir izgatavotas ar kr\u0113ma piesk\u0101rienu, lai atst\u0101tu j\u016bsu rokas t\u012bras un m\u012bkstas.<\/span><\/p>\n<p><span lang=\"EN-US\">Palutiniet<\/span>\u00a0rokas ar\u00a0<span lang=\"EN-US\">atsvaidzino\u0161u Aloe Vera arom\u0101tu<\/span>.<\/p>\n<\/div>\n<p><strong>Tilpums: 400 ml<\/strong><\/p>\n","protected":false},"excerpt":{"rendered":"<div class=\"item_meta\"><\/div>\n<div><\/div>\n","protected":false},"featured_media":38915,"template":"","meta":{"inline_featured_image":false},"product_cat":[1760],"product_tag":[],"class_list":{"0":"post-38914","1":"product","2":"type-product","3":"status-publish","4":"has-post-thumbnail","6":"product_cat-skidras-ziepes-mazajos-iepakojumos","8":"first","9":"instock","10":"taxable","11":"shipping-taxable","12":"purchasable","13":"product-type-simple","14":"add-to-wishlist-after_add_to_cart"},"_links":{"self":[{"href":"https:\/\/alkaline.lv\/en\/wp-json\/wp\/v2\/product\/38914"}],"collection":[{"href":"https:\/\/alkaline.lv\/en\/wp-json\/wp\/v2\/product"}],"about":[{"href":"https:\/\/alkaline.lv\/en\/wp-json\/wp\/v2\/types\/product"}],"wp:featuredmedia":[{"embeddable":true,"href":"https:\/\/alkaline.lv\/en\/wp-json\/wp\/v2\/media\/38915"}],"wp:attachment":[{"href":"https:\/\/alkaline.lv\/en\/wp-json\/wp\/v2\/media?parent=38914"}],"wp:term":[{"taxonomy":"product_cat","embeddable":true,"href":"https:\/\/alkaline.lv\/en\/wp-json\/wp\/v2\/product_cat?post=38914"},{"taxonomy":"product_tag","embeddable":true,"href":"https:\/\/alkaline.lv\/en\/wp-json\/wp\/v2\/product_tag?post=38914"}],"curies":[{"name":"wp","href":"https:\/\/api.w.org\/{rel}","templated":true}]}}